{"id":9346,"date":"2024-12-04T09:24:00","date_gmt":"2024-12-04T09:24:00","guid":{"rendered":"https:\/\/www.polarkonsult.com\/?page_id=9346"},"modified":"2026-01-20T13:37:27","modified_gmt":"2026-01-20T13:37:27","slug":"baerekraft","status":"publish","type":"page","link":"https:\/\/www.polarkonsult.com\/nb\/sustainability\/","title":{"rendered":"B\u00e6rekraft"},"content":{"rendered":"<div data-elementor-type=\"wp-page\" data-elementor-id=\"9346\" class=\"elementor elementor-9346\" data-elementor-post-type=\"page\">\n\t\t\t\t<div class=\"has_eae_slider elementor-element elementor-element-1d2740c e-con-full header e-flex e-con e-parent\" data-eae-slider=\"49823\" data-id=\"1d2740c\" data-element_type=\"container\" data-e-type=\"container\" data-settings=\"{&quot;background_background&quot;:&quot;classic&quot;}\">\n\t\t\t\t<div class=\"elementor-element elementor-element-19f86b0 elementor-widget elementor-widget-heading\" data-id=\"19f86b0\" data-element_type=\"widget\" data-e-type=\"widget\" data-widget_type=\"heading.default\">\n\t\t\t\t<div class=\"elementor-widget-container\">\n\t\t\t\t\t<h1 class=\"elementor-heading-title elementor-size-default\">B\u00c6REKRAFT<\/h1>\t\t\t\t<\/div>\n\t\t\t\t<\/div>\n\t\t\t\t<\/div>\n\t\t<div class=\"has_eae_slider elementor-element elementor-element-b2584d0 e-flex e-con-boxed e-con e-parent\" data-eae-slider=\"86316\" data-id=\"b2584d0\" data-element_type=\"container\" data-e-type=\"container\">\n\t\t\t\t\t<div class=\"e-con-inner\">\n\t\t\t\t<div class=\"elementor-element elementor-element-46f9d80 elementor-widget-mobile__width-inherit elementor-widget elementor-widget-heading\" data-id=\"46f9d80\" data-element_type=\"widget\" data-e-type=\"widget\" data-widget_type=\"heading.default\">\n\t\t\t\t<div class=\"elementor-widget-container\">\n\t\t\t\t\t<h2 class=\"elementor-heading-title elementor-size-default\">Ledelsessystem<\/h2>\t\t\t\t<\/div>\n\t\t\t\t<\/div>\n\t\t<div class=\"has_eae_slider elementor-element elementor-element-6aff058 e-con-full e-grid e-con e-child\" data-eae-slider=\"83772\" data-id=\"6aff058\" data-element_type=\"container\" data-e-type=\"container\">\n\t\t\t\t<div class=\"elementor-element elementor-element-c520551 elementor-widget elementor-widget-text-editor\" data-id=\"c520551\" data-element_type=\"widget\" data-e-type=\"widget\" data-widget_type=\"text-editor.default\">\n\t\t\t\t<div class=\"elementor-widget-container\">\n\t\t\t\t\t\t\t\t\t<p>Vi er forpliktet til \u00e5 utvikle et robust HQSE-ledelsessystem for \u00e5 forbedre kundetilfredshet, omd\u00f8mme, ansattes trivsel og milj\u00f8ansvar, samtidig som vi opprettholder sosialt ansvar og etiske prinsipper.<\/p><p>Helse, Sikkerhet og Milj\u00f8 (HMS) er h\u00f8yeste prioritet, styrt av en null-skade filosofi. Polarkonsult jobber aktivt for \u00e5 redusere milj\u00f8p\u00e5virkningen ved \u00e5 designe fart\u00f8y med lave eller null utslipp og implementere b\u00e6rekraftige praksiser.<\/p>\t\t\t\t\t\t\t\t<\/div>\n\t\t\t\t<\/div>\n\t\t\t\t<div class=\"elementor-element elementor-element-074c789 elementor-widget elementor-widget-text-editor\" data-id=\"074c789\" data-element_type=\"widget\" data-e-type=\"widget\" data-widget_type=\"text-editor.default\">\n\t\t\t\t<div class=\"elementor-widget-container\">\n\t\t\t\t\t\t\t\t\t<p>Polarkonsult AS f\u00f8lger ISO-standarder (9001, 14001, 45001, IOGP 423), lovp\u00e5lagte forskrifter og interne krav knyttet til yrkesskader.<\/p><p>Denne policyen er tilgjengelig for alle interessenter og gjennomg\u00e5s jevnlig for \u00e5 opprettholde relevans og effektivitet.<\/p>\t\t\t\t\t\t\t\t<\/div>\n\t\t\t\t<\/div>\n\t\t\t\t<\/div>\n\t\t\t\t\t<\/div>\n\t\t\t\t<\/div>\n\t\t<div class=\"has_eae_slider elementor-element elementor-element-3cf02ae e-flex e-con-boxed e-con e-parent\" data-eae-slider=\"20040\" data-id=\"3cf02ae\" data-element_type=\"container\" data-e-type=\"container\">\n\t\t\t\t\t<div class=\"e-con-inner\">\n\t\t\t\t<div class=\"elementor-element elementor-element-0d391f0 elementor-widget-mobile__width-inherit elementor-widget elementor-widget-heading\" data-id=\"0d391f0\" data-element_type=\"widget\" data-e-type=\"widget\" data-widget_type=\"heading.default\">\n\t\t\t\t<div class=\"elementor-widget-container\">\n\t\t\t\t\t<h2 class=\"elementor-heading-title elementor-size-default\">FNs b\u00e6rekraftsm\u00e5l<\/h2>\t\t\t\t<\/div>\n\t\t\t\t<\/div>\n\t\t\t\t\t<\/div>\n\t\t\t\t<\/div>\n\t\t<div class=\"has_eae_slider elementor-element elementor-element-14abb75 e-grid e-con-boxed e-con e-parent\" data-eae-slider=\"74000\" data-id=\"14abb75\" data-element_type=\"container\" data-e-type=\"container\">\n\t\t\t\t\t<div class=\"e-con-inner\">\n\t\t<div class=\"has_eae_slider elementor-element elementor-element-5757bcd e-con-full e-flex e-con e-child\" data-eae-slider=\"56983\" data-id=\"5757bcd\" data-element_type=\"container\" data-e-type=\"container\" data-settings=\"{&quot;background_background&quot;:&quot;classic&quot;}\">\n\t\t<div class=\"has_eae_slider elementor-element elementor-element-9d7c1d1 e-con-full e-grid e-con e-child\" data-eae-slider=\"17335\" data-id=\"9d7c1d1\" data-element_type=\"container\" data-e-type=\"container\">\n\t\t<div class=\"has_eae_slider elementor-element elementor-element-5a5ed91 e-con-full e-flex e-con e-child\" data-eae-slider=\"56407\" data-id=\"5a5ed91\" data-element_type=\"container\" data-e-type=\"container\">\n\t\t\t\t<div class=\"elementor-element elementor-element-ece3d03 elementor-widget elementor-widget-image\" data-id=\"ece3d03\" data-element_type=\"widget\" data-e-type=\"widget\" data-widget_type=\"image.default\">\n\t\t\t\t<div class=\"elementor-widget-container\">\n\t\t\t\t\t\t\t\t\t\t\t\t\t\t\t<img fetchpriority=\"high\" decoding=\"async\" width=\"768\" height=\"768\" src=\"https:\/\/www.polarkonsult.com\/wp-content\/uploads\/2023\/09\/TheGlobalGoals_Icons_Black_Goal_4-768x768.png\" class=\"attachment-medium_large size-medium_large wp-image-2527\" alt=\"FNs delm\u00e5l for b\u00e6rekraftig utvikling nummer 4 &quot;utdanning av h\u00f8y kvalitet&quot;.\" srcset=\"https:\/\/www.polarkonsult.com\/wp-content\/uploads\/2023\/09\/TheGlobalGoals_Icons_Black_Goal_4-768x768.png 768w, https:\/\/www.polarkonsult.com\/wp-content\/uploads\/2023\/09\/TheGlobalGoals_Icons_Black_Goal_4-300x300.png 300w, https:\/\/www.polarkonsult.com\/wp-content\/uploads\/2023\/09\/TheGlobalGoals_Icons_Black_Goal_4-1024x1024.png 1024w, https:\/\/www.polarkonsult.com\/wp-content\/uploads\/2023\/09\/TheGlobalGoals_Icons_Black_Goal_4-150x150.png 150w, https:\/\/www.polarkonsult.com\/wp-content\/uploads\/2023\/09\/TheGlobalGoals_Icons_Black_Goal_4-1536x1536.png 1536w, https:\/\/www.polarkonsult.com\/wp-content\/uploads\/2023\/09\/TheGlobalGoals_Icons_Black_Goal_4.png 2000w\" sizes=\"(max-width: 768px) 100vw, 768px\" \/>\t\t\t\t\t\t\t\t\t\t\t\t\t\t\t<\/div>\n\t\t\t\t<\/div>\n\t\t\t\t<\/div>\n\t\t<div class=\"has_eae_slider elementor-element elementor-element-b1d119f e-con-full e-flex e-con e-child\" data-eae-slider=\"15434\" data-id=\"b1d119f\" data-element_type=\"container\" data-e-type=\"container\" data-settings=\"{&quot;background_background&quot;:&quot;classic&quot;}\">\n\t\t\t\t<div class=\"elementor-element elementor-element-dc7ecc1 elementor-widget elementor-widget-text-editor\" data-id=\"dc7ecc1\" data-element_type=\"widget\" data-e-type=\"widget\" data-widget_type=\"text-editor.default\">\n\t\t\t\t<div class=\"elementor-widget-container\">\n\t\t\t\t\t\t\t\t\t<p>\"\u00c5 styrke ingeni\u00f8rene i dag, forme den maritime ekspertisen for i morgen.\"<\/p>\t\t\t\t\t\t\t\t<\/div>\n\t\t\t\t<\/div>\n\t\t\t\t<\/div>\n\t\t\t\t<\/div>\n\t\t\t\t<div class=\"elementor-element elementor-element-e4970a7 elementor-widget elementor-widget-text-editor\" data-id=\"e4970a7\" data-element_type=\"widget\" data-e-type=\"widget\" data-widget_type=\"text-editor.default\">\n\t\t\t\t<div class=\"elementor-widget-container\">\n\t\t\t\t\t\t\t\t\t<p>Polarkonsult AS verdsetter kvalitetsutdanning og livslang l\u00e6ring, og har som m\u00e5l \u00e5 v\u00e6re det beste valget for nyutdannede, samtidig som vi fremmer nye perspektiver. Vi fokuserer p\u00e5 \u00e5 utvikle talenter gjennom dedikerte oppl\u00e6ringsplaner, og sikrer kontinuerlig ferdighetsutvikling for b\u00e5de unge og erfarne fagfolk for \u00e5 fremme maritim ekspertise.<\/p>\t\t\t\t\t\t\t\t<\/div>\n\t\t\t\t<\/div>\n\t\t\t\t<\/div>\n\t\t<div class=\"has_eae_slider elementor-element elementor-element-72e7f8c e-con-full e-flex e-con e-child\" data-eae-slider=\"77898\" data-id=\"72e7f8c\" data-element_type=\"container\" data-e-type=\"container\" data-settings=\"{&quot;background_background&quot;:&quot;classic&quot;}\">\n\t\t<div class=\"has_eae_slider elementor-element elementor-element-0bdfa35 e-con-full e-grid e-con e-child\" data-eae-slider=\"75985\" data-id=\"0bdfa35\" data-element_type=\"container\" data-e-type=\"container\">\n\t\t<div class=\"has_eae_slider elementor-element elementor-element-16045cd e-con-full e-flex e-con e-child\" data-eae-slider=\"26700\" data-id=\"16045cd\" data-element_type=\"container\" data-e-type=\"container\">\n\t\t\t\t<div class=\"elementor-element elementor-element-69f1b0e elementor-widget elementor-widget-image\" data-id=\"69f1b0e\" data-element_type=\"widget\" data-e-type=\"widget\" data-widget_type=\"image.default\">\n\t\t\t\t<div class=\"elementor-widget-container\">\n\t\t\t\t\t\t\t\t\t\t\t\t\t\t\t<img decoding=\"async\" width=\"768\" height=\"768\" data-src=\"https:\/\/www.polarkonsult.com\/wp-content\/uploads\/2023\/09\/TheGlobalGoals_Icons_Black_Goal_8-768x768.png\" class=\"attachment-medium_large size-medium_large wp-image-2528 lazyload\" alt=\"FNs b\u00e6rekraftsm\u00e5l nummer 8 &quot;Anstendig arbeid og \u00f8konomisk vekst&quot;.\" data-srcset=\"https:\/\/www.polarkonsult.com\/wp-content\/uploads\/2023\/09\/TheGlobalGoals_Icons_Black_Goal_8-768x768.png 768w, https:\/\/www.polarkonsult.com\/wp-content\/uploads\/2023\/09\/TheGlobalGoals_Icons_Black_Goal_8-300x300.png 300w, https:\/\/www.polarkonsult.com\/wp-content\/uploads\/2023\/09\/TheGlobalGoals_Icons_Black_Goal_8-1024x1024.png 1024w, https:\/\/www.polarkonsult.com\/wp-content\/uploads\/2023\/09\/TheGlobalGoals_Icons_Black_Goal_8-150x150.png 150w, https:\/\/www.polarkonsult.com\/wp-content\/uploads\/2023\/09\/TheGlobalGoals_Icons_Black_Goal_8-1536x1536.png 1536w, https:\/\/www.polarkonsult.com\/wp-content\/uploads\/2023\/09\/TheGlobalGoals_Icons_Black_Goal_8.png 2000w\" data-sizes=\"(max-width: 768px) 100vw, 768px\" src=\"data:image\/svg+xml;base64,PHN2ZyB3aWR0aD0iMSIgaGVpZ2h0PSIxIiB4bWxucz0iaHR0cDovL3d3dy53My5vcmcvMjAwMC9zdmciPjwvc3ZnPg==\" style=\"--smush-placeholder-width: 768px; --smush-placeholder-aspect-ratio: 768\/768;\" \/>\t\t\t\t\t\t\t\t\t\t\t\t\t\t\t<\/div>\n\t\t\t\t<\/div>\n\t\t\t\t<\/div>\n\t\t<div class=\"has_eae_slider elementor-element elementor-element-674daa3 e-con-full e-flex e-con e-child\" data-eae-slider=\"72174\" data-id=\"674daa3\" data-element_type=\"container\" data-e-type=\"container\" data-settings=\"{&quot;background_background&quot;:&quot;classic&quot;}\">\n\t\t\t\t<div class=\"elementor-element elementor-element-8f5fb70 elementor-widget elementor-widget-text-editor\" data-id=\"8f5fb70\" data-element_type=\"widget\" data-e-type=\"widget\" data-widget_type=\"text-editor.default\">\n\t\t\t\t<div class=\"elementor-widget-container\">\n\t\t\t\t\t\t\t\t\t<p>\"Bygger en lysere fremtid gjennom arbeidsekspertise og fellesskapsvekst.\"<\/p>\t\t\t\t\t\t\t\t<\/div>\n\t\t\t\t<\/div>\n\t\t\t\t<\/div>\n\t\t\t\t<\/div>\n\t\t\t\t<div class=\"elementor-element elementor-element-a3e70a9 elementor-widget elementor-widget-text-editor\" data-id=\"a3e70a9\" data-element_type=\"widget\" data-e-type=\"widget\" data-widget_type=\"text-editor.default\">\n\t\t\t\t<div class=\"elementor-widget-container\">\n\t\t\t\t\t\t\t\t\t<p>Polarkonsult AS er mer enn en arbeidsplass; det er en drivkraft for fellesskapet. Vi tilbyr konkurransedyktige l\u00f8nninger, utmerkede arbeidsforhold og prioriterer sikkerhet. Ved \u00e5 st\u00f8tte lokale idrettslag og frivillige organisasjoner, bidrar vi til fellesskapets velv\u00e6re og driver \u00f8konomisk vekst.<\/p>\t\t\t\t\t\t\t\t<\/div>\n\t\t\t\t<\/div>\n\t\t\t\t<\/div>\n\t\t<div class=\"has_eae_slider elementor-element elementor-element-38064aa e-con-full e-flex e-con e-child\" data-eae-slider=\"12355\" data-id=\"38064aa\" data-element_type=\"container\" data-e-type=\"container\" data-settings=\"{&quot;background_background&quot;:&quot;classic&quot;}\">\n\t\t<div class=\"has_eae_slider elementor-element elementor-element-a78e4d2 e-con-full e-grid e-con e-child\" data-eae-slider=\"37219\" data-id=\"a78e4d2\" data-element_type=\"container\" data-e-type=\"container\">\n\t\t<div class=\"has_eae_slider elementor-element elementor-element-776191d e-con-full e-flex e-con e-child\" data-eae-slider=\"23332\" data-id=\"776191d\" data-element_type=\"container\" data-e-type=\"container\">\n\t\t\t\t<div class=\"elementor-element elementor-element-0b087bb elementor-widget elementor-widget-image\" data-id=\"0b087bb\" data-element_type=\"widget\" data-e-type=\"widget\" data-widget_type=\"image.default\">\n\t\t\t\t<div class=\"elementor-widget-container\">\n\t\t\t\t\t\t\t\t\t\t\t\t\t\t\t<img decoding=\"async\" width=\"768\" height=\"768\" data-src=\"https:\/\/www.polarkonsult.com\/wp-content\/uploads\/2023\/09\/TheGlobalGoals_Icons_Black_Goal_9-768x768.png\" class=\"attachment-medium_large size-medium_large wp-image-2529 lazyload\" alt=\"FNs b\u00e6rekraftsm\u00e5l nummer 9 &quot;industri, innovasjon og infrastruktur&quot;.\" data-srcset=\"https:\/\/www.polarkonsult.com\/wp-content\/uploads\/2023\/09\/TheGlobalGoals_Icons_Black_Goal_9-768x768.png 768w, https:\/\/www.polarkonsult.com\/wp-content\/uploads\/2023\/09\/TheGlobalGoals_Icons_Black_Goal_9-300x300.png 300w, https:\/\/www.polarkonsult.com\/wp-content\/uploads\/2023\/09\/TheGlobalGoals_Icons_Black_Goal_9-1024x1024.png 1024w, https:\/\/www.polarkonsult.com\/wp-content\/uploads\/2023\/09\/TheGlobalGoals_Icons_Black_Goal_9-150x150.png 150w, https:\/\/www.polarkonsult.com\/wp-content\/uploads\/2023\/09\/TheGlobalGoals_Icons_Black_Goal_9-1536x1536.png 1536w, https:\/\/www.polarkonsult.com\/wp-content\/uploads\/2023\/09\/TheGlobalGoals_Icons_Black_Goal_9.png 2000w\" data-sizes=\"(max-width: 768px) 100vw, 768px\" src=\"data:image\/svg+xml;base64,PHN2ZyB3aWR0aD0iMSIgaGVpZ2h0PSIxIiB4bWxucz0iaHR0cDovL3d3dy53My5vcmcvMjAwMC9zdmciPjwvc3ZnPg==\" style=\"--smush-placeholder-width: 768px; --smush-placeholder-aspect-ratio: 768\/768;\" \/>\t\t\t\t\t\t\t\t\t\t\t\t\t\t\t<\/div>\n\t\t\t\t<\/div>\n\t\t\t\t<\/div>\n\t\t<div class=\"has_eae_slider elementor-element elementor-element-a75c99b e-con-full e-flex e-con e-child\" data-eae-slider=\"13242\" data-id=\"a75c99b\" data-element_type=\"container\" data-e-type=\"container\" data-settings=\"{&quot;background_background&quot;:&quot;classic&quot;}\">\n\t\t\t\t<div class=\"elementor-element elementor-element-107a657 elementor-widget elementor-widget-text-editor\" data-id=\"107a657\" data-element_type=\"widget\" data-e-type=\"widget\" data-widget_type=\"text-editor.default\">\n\t\t\t\t<div class=\"elementor-widget-container\">\n\t\t\t\t\t\t\t\t\t<p>\"V\u00e5re design er ikke bare for n\u00e5tiden; de er laget for en b\u00e6rekraftig og sammenkoblet fremtid.\"<\/p>\t\t\t\t\t\t\t\t<\/div>\n\t\t\t\t<\/div>\n\t\t\t\t<\/div>\n\t\t\t\t<\/div>\n\t\t\t\t<div class=\"elementor-element elementor-element-2d4a613 elementor-widget elementor-widget-text-editor\" data-id=\"2d4a613\" data-element_type=\"widget\" data-e-type=\"widget\" data-widget_type=\"text-editor.default\">\n\t\t\t\t<div class=\"elementor-widget-container\">\n\t\t\t\t\t\t\t\t\t<p>Polarkonsult AS er forpliktet til \u00e5 lede an i \u00e5 fremme innovasjon og videreutvikling av b\u00e6rekraftig skipsdesign og infrastruktur. Gjennom v\u00e5re bidrag har vi som m\u00e5l \u00e5 forme en motstandsdyktig og fremtidsrettet maritim industri.<\/p>\t\t\t\t\t\t\t\t<\/div>\n\t\t\t\t<\/div>\n\t\t\t\t<\/div>\n\t\t<div class=\"has_eae_slider elementor-element elementor-element-57cc2d1 e-con-full e-flex e-con e-child\" data-eae-slider=\"20015\" data-id=\"57cc2d1\" data-element_type=\"container\" data-e-type=\"container\" data-settings=\"{&quot;background_background&quot;:&quot;classic&quot;}\">\n\t\t<div class=\"has_eae_slider elementor-element elementor-element-c01dbe2 e-con-full e-grid e-con e-child\" data-eae-slider=\"72379\" data-id=\"c01dbe2\" data-element_type=\"container\" data-e-type=\"container\">\n\t\t<div class=\"has_eae_slider elementor-element elementor-element-1d7345b e-con-full e-flex e-con e-child\" data-eae-slider=\"71310\" data-id=\"1d7345b\" data-element_type=\"container\" data-e-type=\"container\">\n\t\t\t\t<div class=\"elementor-element elementor-element-39c6370 elementor-widget elementor-widget-image\" data-id=\"39c6370\" data-element_type=\"widget\" data-e-type=\"widget\" data-widget_type=\"image.default\">\n\t\t\t\t<div class=\"elementor-widget-container\">\n\t\t\t\t\t\t\t\t\t\t\t\t\t\t\t<img decoding=\"async\" width=\"768\" height=\"768\" data-src=\"https:\/\/www.polarkonsult.com\/wp-content\/uploads\/2023\/09\/TheGlobalGoals_Icons_Black_Goal_14-768x768.png\" class=\"attachment-medium_large size-medium_large wp-image-2530 lazyload\" alt=\"FNs b\u00e6rekraftsm\u00e5l nummer 14 &quot;Livet under vann&quot;.\" data-srcset=\"https:\/\/www.polarkonsult.com\/wp-content\/uploads\/2023\/09\/TheGlobalGoals_Icons_Black_Goal_14-768x768.png 768w, https:\/\/www.polarkonsult.com\/wp-content\/uploads\/2023\/09\/TheGlobalGoals_Icons_Black_Goal_14-300x300.png 300w, https:\/\/www.polarkonsult.com\/wp-content\/uploads\/2023\/09\/TheGlobalGoals_Icons_Black_Goal_14-1024x1024.png 1024w, https:\/\/www.polarkonsult.com\/wp-content\/uploads\/2023\/09\/TheGlobalGoals_Icons_Black_Goal_14-150x150.png 150w, https:\/\/www.polarkonsult.com\/wp-content\/uploads\/2023\/09\/TheGlobalGoals_Icons_Black_Goal_14-1536x1536.png 1536w, https:\/\/www.polarkonsult.com\/wp-content\/uploads\/2023\/09\/TheGlobalGoals_Icons_Black_Goal_14.png 2000w\" data-sizes=\"(max-width: 768px) 100vw, 768px\" src=\"data:image\/svg+xml;base64,PHN2ZyB3aWR0aD0iMSIgaGVpZ2h0PSIxIiB4bWxucz0iaHR0cDovL3d3dy53My5vcmcvMjAwMC9zdmciPjwvc3ZnPg==\" style=\"--smush-placeholder-width: 768px; --smush-placeholder-aspect-ratio: 768\/768;\" \/>\t\t\t\t\t\t\t\t\t\t\t\t\t\t\t<\/div>\n\t\t\t\t<\/div>\n\t\t\t\t<\/div>\n\t\t<div class=\"has_eae_slider elementor-element elementor-element-6640bfe e-con-full e-flex e-con e-child\" data-eae-slider=\"1510\" data-id=\"6640bfe\" data-element_type=\"container\" data-e-type=\"container\" data-settings=\"{&quot;background_background&quot;:&quot;classic&quot;}\">\n\t\t\t\t<div class=\"elementor-element elementor-element-a0208a0 elementor-widget elementor-widget-text-editor\" data-id=\"a0208a0\" data-element_type=\"widget\" data-e-type=\"widget\" data-widget_type=\"text-editor.default\">\n\t\t\t\t<div class=\"elementor-widget-container\">\n\t\t\t\t\t\t\t\t\t<p>\"Driven av lidenskap, former vi en fremtid der havene trives og maritime praksiser er b\u00e6rekraftige.\"<\/p>\t\t\t\t\t\t\t\t<\/div>\n\t\t\t\t<\/div>\n\t\t\t\t<\/div>\n\t\t\t\t<\/div>\n\t\t\t\t<div class=\"elementor-element elementor-element-f60ca9a elementor-widget elementor-widget-text-editor\" data-id=\"f60ca9a\" data-element_type=\"widget\" data-e-type=\"widget\" data-widget_type=\"text-editor.default\">\n\t\t\t\t<div class=\"elementor-widget-container\">\n\t\t\t\t\t\t\t\t\t<p>Hos Polarkonsult AS driver v\u00e5r lidenskap for \u00e5 forbedre livet til sj\u00f8s oss til \u00e5 fremme milj\u00f8bevisste valg. Vi st\u00f8tter kundene v\u00e5re i \u00e5 redusere karbonutslipp, beskytte marine \u00f8kosystemer og bevare planetens balanse. Forpliktet til \u00e5 minimere avfall og bevare ikke-fornybare ressurser, streber vi etter en b\u00e6rekraftig maritim fremtid hvor havene og industrien kan trives sammen.<\/p>\t\t\t\t\t\t\t\t<\/div>\n\t\t\t\t<\/div>\n\t\t\t\t<\/div>\n\t\t\t\t\t<\/div>\n\t\t\t\t<\/div>\n\t\t<div class=\"has_eae_slider elementor-element elementor-element-cb5ed6c e-flex e-con-boxed e-con e-parent\" data-eae-slider=\"25225\" data-id=\"cb5ed6c\" data-element_type=\"container\" data-e-type=\"container\">\n\t\t\t\t\t<div class=\"e-con-inner\">\n\t\t\t\t<div class=\"elementor-element elementor-element-262a4e6 elementor-widget elementor-widget-heading\" data-id=\"262a4e6\" data-element_type=\"widget\" data-e-type=\"widget\" data-widget_type=\"heading.default\">\n\t\t\t\t<div class=\"elementor-widget-container\">\n\t\t\t\t\t<h2 class=\"elementor-heading-title elementor-size-default\">Vi er et sertifisert Milj\u00f8fyrt\u00e5rnselskap.<\/h2>\t\t\t\t<\/div>\n\t\t\t\t<\/div>\n\t\t<div class=\"has_eae_slider elementor-element elementor-element-fee152c e-con-full e-flex e-con e-child\" data-eae-slider=\"9803\" data-id=\"fee152c\" data-element_type=\"container\" data-e-type=\"container\">\n\t\t\t\t<div class=\"elementor-element elementor-element-c4c862b elementor-widget__width-initial elementor-widget elementor-widget-image\" data-id=\"c4c862b\" data-element_type=\"widget\" data-e-type=\"widget\" data-widget_type=\"image.default\">\n\t\t\t\t<div class=\"elementor-widget-container\">\n\t\t\t\t\t\t\t\t\t\t\t\t\t\t\t<img decoding=\"async\" width=\"500\" height=\"414\" data-src=\"https:\/\/www.polarkonsult.com\/wp-content\/uploads\/2024\/08\/Godkjent_fyrtarn_Endelig_Hvit.png\" class=\"attachment-full size-full wp-image-7895 lazyload\" alt=\"\" data-srcset=\"https:\/\/www.polarkonsult.com\/wp-content\/uploads\/2024\/08\/Godkjent_fyrtarn_Endelig_Hvit.png 500w, https:\/\/www.polarkonsult.com\/wp-content\/uploads\/2024\/08\/Godkjent_fyrtarn_Endelig_Hvit-300x248.png 300w\" data-sizes=\"(max-width: 500px) 100vw, 500px\" src=\"data:image\/svg+xml;base64,PHN2ZyB3aWR0aD0iMSIgaGVpZ2h0PSIxIiB4bWxucz0iaHR0cDovL3d3dy53My5vcmcvMjAwMC9zdmciPjwvc3ZnPg==\" style=\"--smush-placeholder-width: 500px; --smush-placeholder-aspect-ratio: 500\/414;\" \/>\t\t\t\t\t\t\t\t\t\t\t\t\t\t\t<\/div>\n\t\t\t\t<\/div>\n\t\t\t\t<div class=\"elementor-element elementor-element-5a402ce elementor-widget elementor-widget-text-editor\" data-id=\"5a402ce\" data-element_type=\"widget\" data-e-type=\"widget\" data-widget_type=\"text-editor.default\">\n\t\t\t\t<div class=\"elementor-widget-container\">\n\t\t\t\t\t\t\t\t\t<p style=\"font-family: -apple-system, BlinkMacSystemFont, 'Segoe UI', Roboto, 'Helvetica Neue', Arial, 'Noto Sans', sans-serif, 'Apple Color Emoji', 'Segoe UI Emoji', 'Segoe UI Symbol', 'Noto Color Emoji'; color: #333333;\">Polarkonsult skal arbeide for b\u00e6rekraftig og milj\u00f8vennlig utvikling.<\/p><p style=\"font-family: -apple-system, BlinkMacSystemFont, 'Segoe UI', Roboto, 'Helvetica Neue', Arial, 'Noto Sans', sans-serif, 'Apple Color Emoji', 'Segoe UI Emoji', 'Segoe UI Symbol', 'Noto Color Emoji'; color: #333333;\">Gjennom sertifisering, og ved \u00e5 sette milj\u00f8sp\u00f8rsm\u00e5l p\u00e5 agendaen, streber Polarkonsult etter \u00e5 m\u00f8te v\u00e5re kunders krav til milj\u00f8bevissthet. Polarkonsults milj\u00f8ledelsessystem inkluderer b\u00e5de interne og eksterne forpliktelser overfor kundene.<\/p><p style=\"font-family: -apple-system, BlinkMacSystemFont, 'Segoe UI', Roboto, 'Helvetica Neue', Arial, 'Noto Sans', sans-serif, 'Apple Color Emoji', 'Segoe UI Emoji', 'Segoe UI Symbol', 'Noto Color Emoji'; color: #333333;\">Fjor\u00e5rets klima- og milj\u00f8rapport for Polarkonsult kan sendes ved \u00e5 kontakte oss her.<\/p>\t\t\t\t\t\t\t\t<\/div>\n\t\t\t\t<\/div>\n\t\t\t\t<\/div>\n\t\t\t\t<div class=\"elementor-element elementor-element-a2e29ab elementor-align-left e-transform elementor-widget elementor-widget-button\" data-id=\"a2e29ab\" data-element_type=\"widget\" data-e-type=\"widget\" data-settings=\"{&quot;_transform_translateX_effect_hover&quot;:{&quot;unit&quot;:&quot;px&quot;,&quot;size&quot;:12,&quot;sizes&quot;:[]},&quot;_transform_translateX_effect_hover_tablet&quot;:{&quot;unit&quot;:&quot;px&quot;,&quot;size&quot;:&quot;&quot;,&quot;sizes&quot;:[]},&quot;_transform_translateX_effect_hover_mobile&quot;:{&quot;unit&quot;:&quot;px&quot;,&quot;size&quot;:&quot;&quot;,&quot;sizes&quot;:[]},&quot;_transform_translateY_effect_hover&quot;:{&quot;unit&quot;:&quot;px&quot;,&quot;size&quot;:&quot;&quot;,&quot;sizes&quot;:[]},&quot;_transform_translateY_effect_hover_tablet&quot;:{&quot;unit&quot;:&quot;px&quot;,&quot;size&quot;:&quot;&quot;,&quot;sizes&quot;:[]},&quot;_transform_translateY_effect_hover_mobile&quot;:{&quot;unit&quot;:&quot;px&quot;,&quot;size&quot;:&quot;&quot;,&quot;sizes&quot;:[]}}\" data-widget_type=\"button.default\">\n\t\t\t\t<div class=\"elementor-widget-container\">\n\t\t\t\t\t\t\t\t\t<div class=\"elementor-button-wrapper\">\n\t\t\t\t\t<a class=\"elementor-button elementor-button-link elementor-size-lg\" href=\"https:\/\/www.polarkonsult.com\/wp-content\/uploads\/2026\/01\/Rapport-2025-1.pdf\">\n\t\t\t\t\t\t<span class=\"elementor-button-content-wrapper\">\n\t\t\t\t\t\t\t\t\t<span class=\"elementor-button-text\">Milj\u00f8fyrt\u00e5rn-rapporten her<\/span>\n\t\t\t\t\t<\/span>\n\t\t\t\t\t<\/a>\n\t\t\t\t<\/div>\n\t\t\t\t\t\t\t\t<\/div>\n\t\t\t\t<\/div>\n\t\t\t\t\t<\/div>\n\t\t\t\t<\/div>\n\t\t\t\t<\/div>","protected":false},"excerpt":{"rendered":"<p>SUSTAINABILITY Management system We are committed to developing a robust HQSE management system to enhance customer satisfaction, reputation, employee well-being, and environmental stewardship while upholding social responsibility and ethical principles. Health, Safety, and Environment (HSE) is a top priority, guided by a zero-harm philosophy. Polarkonsult actively improves environmental impact by designing vessels with low or [&hellip;]<\/p>\n","protected":false},"author":5,"featured_media":0,"parent":0,"menu_order":0,"comment_status":"closed","ping_status":"closed","template":"","meta":{"_acf_changed":false,"om_disable_all_campaigns":false,"_monsterinsights_skip_tracking":false,"_monsterinsights_sitenote_active":false,"_monsterinsights_sitenote_note":"","_monsterinsights_sitenote_category":0,"footnotes":""},"class_list":["post-9346","page","type-page","status-publish","hentry"],"acf":[],"aioseo_notices":[],"_links":{"self":[{"href":"https:\/\/www.polarkonsult.com\/nb\/wp-json\/wp\/v2\/pages\/9346","targetHints":{"allow":["GET"]}}],"collection":[{"href":"https:\/\/www.polarkonsult.com\/nb\/wp-json\/wp\/v2\/pages"}],"about":[{"href":"https:\/\/www.polarkonsult.com\/nb\/wp-json\/wp\/v2\/types\/page"}],"author":[{"embeddable":true,"href":"https:\/\/www.polarkonsult.com\/nb\/wp-json\/wp\/v2\/users\/5"}],"replies":[{"embeddable":true,"href":"https:\/\/www.polarkonsult.com\/nb\/wp-json\/wp\/v2\/comments?post=9346"}],"version-history":[{"count":59,"href":"https:\/\/www.polarkonsult.com\/nb\/wp-json\/wp\/v2\/pages\/9346\/revisions"}],"predecessor-version":[{"id":12123,"href":"https:\/\/www.polarkonsult.com\/nb\/wp-json\/wp\/v2\/pages\/9346\/revisions\/12123"}],"wp:attachment":[{"href":"https:\/\/www.polarkonsult.com\/nb\/wp-json\/wp\/v2\/media?parent=9346"}],"curies":[{"name":"wp","href":"https:\/\/api.w.org\/{rel}","templated":true}]}}