{"id":8871,"date":"2024-12-02T13:13:58","date_gmt":"2024-12-02T13:13:58","guid":{"rendered":"https:\/\/www.polarkonsult.com\/?page_id=8871"},"modified":"2024-12-10T08:12:21","modified_gmt":"2024-12-10T08:12:21","slug":"formal-og-verdier","status":"publish","type":"page","link":"https:\/\/www.polarkonsult.com\/nb\/purpose-and-values\/","title":{"rendered":"Mening &amp; Verdier"},"content":{"rendered":"<div data-elementor-type=\"wp-page\" data-elementor-id=\"8871\" class=\"elementor elementor-8871\" data-elementor-post-type=\"page\">\n\t\t\t\t<div class=\"has_eae_slider elementor-element elementor-element-83b91bb e-con-full header e-flex e-con e-parent\" data-eae-slider=\"72496\" data-id=\"83b91bb\" data-element_type=\"container\" data-e-type=\"container\" data-settings=\"{&quot;background_background&quot;:&quot;classic&quot;}\">\n\t\t\t\t<div class=\"elementor-element elementor-element-cb84ebd elementor-widget elementor-widget-heading\" data-id=\"cb84ebd\" data-element_type=\"widget\" data-e-type=\"widget\" data-widget_type=\"heading.default\">\n\t\t\t\t<div class=\"elementor-widget-container\">\n\t\t\t\t\t<h1 class=\"elementor-heading-title elementor-size-default\">MENINGER &amp; VERDIER<\/h1>\t\t\t\t<\/div>\n\t\t\t\t<\/div>\n\t\t\t\t<\/div>\n\t\t<div class=\"has_eae_slider elementor-element elementor-element-0fd2b52 e-flex e-con-boxed e-con e-parent\" data-eae-slider=\"4291\" data-id=\"0fd2b52\" data-element_type=\"container\" data-e-type=\"container\">\n\t\t\t\t\t<div class=\"e-con-inner\">\n\t\t\t\t<div class=\"elementor-element elementor-element-02a4321 elementor-widget elementor-widget-heading\" data-id=\"02a4321\" data-element_type=\"widget\" data-e-type=\"widget\" data-widget_type=\"heading.default\">\n\t\t\t\t<div class=\"elementor-widget-container\">\n\t\t\t\t\t<h1 class=\"elementor-heading-title elementor-size-default\">Lidenskap for \u00e5 forbedre livet p\u00e5 sj\u00f8en<\/h1>\t\t\t\t<\/div>\n\t\t\t\t<\/div>\n\t\t\t\t<div class=\"elementor-element elementor-element-93bf745 elementor-widget elementor-widget-text-editor\" data-id=\"93bf745\" data-element_type=\"widget\" data-e-type=\"widget\" data-widget_type=\"text-editor.default\">\n\t\t\t\t<div class=\"elementor-widget-container\">\n\t\t\t\t\t\t\t\t\t<p class=\"translation-block\">Vi er dedikert til \u00e5 forbedre <strong>sikkerhet<\/strong> og <strong>kvalitet<\/strong> p\u00e5 livet for de ombord p\u00e5 fart\u00f8y og installasjoner. Ved konsekvent \u00e5 levere produkter og tjenester av verdensklasse innen maritimt omr\u00e5de, opprettholder vi de h\u00f8yeste standardene for <em>oss selv<\/em> og v\u00e5re <em>partnere<\/em>.<\/p><p>Denne forpliktelsen gjenspeiler v\u00e5re verdier og inspirerer til kontinuerlig forbedring i hvert samarbeid, og fremmer b\u00e5de vekst og ekspertise.<\/p>\t\t\t\t\t\t\t\t<\/div>\n\t\t\t\t<\/div>\n\t\t\t\t\t<\/div>\n\t\t\t\t<\/div>\n\t\t<div class=\"has_eae_slider elementor-element elementor-element-7589973 e-flex e-con-boxed e-con e-parent\" data-eae-slider=\"89523\" data-id=\"7589973\" data-element_type=\"container\" data-e-type=\"container\">\n\t\t\t\t\t<div class=\"e-con-inner\">\n\t\t\t\t<div class=\"elementor-element elementor-element-d66eb9f elementor-widget elementor-widget-heading\" data-id=\"d66eb9f\" data-element_type=\"widget\" data-e-type=\"widget\" data-widget_type=\"heading.default\">\n\t\t\t\t<div class=\"elementor-widget-container\">\n\t\t\t\t\t<h1 class=\"elementor-heading-title elementor-size-default\">Kjerneverdier<\/h1>\t\t\t\t<\/div>\n\t\t\t\t<\/div>\n\t\t\t\t\t<\/div>\n\t\t\t\t<\/div>\n\t\t<div class=\"has_eae_slider elementor-element elementor-element-e9e169e e-flex e-con-boxed e-con e-parent\" data-eae-slider=\"65910\" data-id=\"e9e169e\" data-element_type=\"container\" data-e-type=\"container\">\n\t\t\t\t\t<div class=\"e-con-inner\">\n\t\t<div class=\"has_eae_slider elementor-element elementor-element-5c7a3b9 e-grid e-con-full e-con e-child\" data-eae-slider=\"12504\" data-id=\"5c7a3b9\" data-element_type=\"container\" data-e-type=\"container\">\n\t\t<div class=\"has_eae_slider elementor-element elementor-element-524ad67 e-con-full e-flex e-con e-child\" data-eae-slider=\"90028\" data-id=\"524ad67\" data-element_type=\"container\" data-e-type=\"container\" data-settings=\"{&quot;background_background&quot;:&quot;classic&quot;}\">\n\t\t\t\t<div class=\"elementor-element elementor-element-5a451ea elementor-widget__width-initial elementor-widget elementor-widget-heading\" data-id=\"5a451ea\" data-element_type=\"widget\" data-e-type=\"widget\" data-widget_type=\"heading.default\">\n\t\t\t\t<div class=\"elementor-widget-container\">\n\t\t\t\t\t<h2 class=\"elementor-heading-title elementor-size-default\">Mot<\/h2>\t\t\t\t<\/div>\n\t\t\t\t<\/div>\n\t\t\t\t<div class=\"elementor-element elementor-element-dce5762 elementor-widget elementor-widget-text-editor\" data-id=\"dce5762\" data-element_type=\"widget\" data-e-type=\"widget\" data-widget_type=\"text-editor.default\">\n\t\t\t\t<div class=\"elementor-widget-container\">\n\t\t\t\t\t\t\t\t\t<p>Mot betyr \u00e5 streve etter \u00e5 utmerke oss innen v\u00e5re fagfelt, omfavne stolthet over v\u00e5re skapelser og utfordre konvensjonell tenkning. Vi s\u00f8ker proaktivt etter nye muligheter, drevet av en forpliktelse til kontinuerlig forbedring og vekst.<\/p>\t\t\t\t\t\t\t\t<\/div>\n\t\t\t\t<\/div>\n\t\t\t\t<\/div>\n\t\t<div class=\"has_eae_slider elementor-element elementor-element-84ba2d7 e-con-full e-flex e-con e-child\" data-eae-slider=\"55319\" data-id=\"84ba2d7\" data-element_type=\"container\" data-e-type=\"container\" data-settings=\"{&quot;background_background&quot;:&quot;classic&quot;}\">\n\t\t\t\t<div class=\"elementor-element elementor-element-5ec4424 elementor-widget__width-initial elementor-widget elementor-widget-heading\" data-id=\"5ec4424\" data-element_type=\"widget\" data-e-type=\"widget\" data-widget_type=\"heading.default\">\n\t\t\t\t<div class=\"elementor-widget-container\">\n\t\t\t\t\t<h2 class=\"elementor-heading-title elementor-size-default\">Nysgjerrighet<\/h2>\t\t\t\t<\/div>\n\t\t\t\t<\/div>\n\t\t\t\t<div class=\"elementor-element elementor-element-2d1369e elementor-widget elementor-widget-text-editor\" data-id=\"2d1369e\" data-element_type=\"widget\" data-e-type=\"widget\" data-widget_type=\"text-editor.default\">\n\t\t\t\t<div class=\"elementor-widget-container\">\n\t\t\t\t\t\t\t\t\t<p>Nysgjerrighet driver v\u00e5r utviklingsfokuserte kultur, og oppmuntrer til utforsking av v\u00e5rt potensial og v\u00e5re kollegaers perspektiver og ekspertise. Denne tankegangen utfordrer oss til \u00e5 presse grensene, omfavne oppdagelse og utmerke oss med lidenskap.<\/p>\t\t\t\t\t\t\t\t<\/div>\n\t\t\t\t<\/div>\n\t\t\t\t<\/div>\n\t\t<div class=\"has_eae_slider elementor-element elementor-element-097fd60 e-con-full e-flex e-con e-child\" data-eae-slider=\"199\" data-id=\"097fd60\" data-element_type=\"container\" data-e-type=\"container\" data-settings=\"{&quot;background_background&quot;:&quot;classic&quot;}\">\n\t\t\t\t<div class=\"elementor-element elementor-element-e626532 elementor-widget__width-initial elementor-widget elementor-widget-heading\" data-id=\"e626532\" data-element_type=\"widget\" data-e-type=\"widget\" data-widget_type=\"heading.default\">\n\t\t\t\t<div class=\"elementor-widget-container\">\n\t\t\t\t\t<h2 class=\"elementor-heading-title elementor-size-default\">Robusthet<\/h2>\t\t\t\t<\/div>\n\t\t\t\t<\/div>\n\t\t\t\t<div class=\"elementor-element elementor-element-d27f3c7 elementor-widget elementor-widget-text-editor\" data-id=\"d27f3c7\" data-element_type=\"widget\" data-e-type=\"widget\" data-widget_type=\"text-editor.default\">\n\t\t\t\t<div class=\"elementor-widget-container\">\n\t\t\t\t\t\t\t\t\t<p>Robusthet definerer v\u00e5r kollektive ekspertise, motstandskraft i volatile markeder og forpliktelse til felles vekst. Som et samlet team trives vi i krevende bransjer, navigerer utfordringer med styrke og tilpasningsevne, og er stolte av v\u00e5r evne til \u00e5 utholde og lykkes.<\/p>\t\t\t\t\t\t\t\t<\/div>\n\t\t\t\t<\/div>\n\t\t\t\t<\/div>\n\t\t<div class=\"has_eae_slider elementor-element elementor-element-1ac2f78 e-con-full e-flex e-con e-child\" data-eae-slider=\"58921\" data-id=\"1ac2f78\" data-element_type=\"container\" data-e-type=\"container\" data-settings=\"{&quot;background_background&quot;:&quot;classic&quot;}\">\n\t\t\t\t<div class=\"elementor-element elementor-element-1f8948d elementor-widget__width-initial elementor-widget elementor-widget-heading\" data-id=\"1f8948d\" data-element_type=\"widget\" data-e-type=\"widget\" data-widget_type=\"heading.default\">\n\t\t\t\t<div class=\"elementor-widget-container\">\n\t\t\t\t\t<h2 class=\"elementor-heading-title elementor-size-default\">Omsorg<\/h2>\t\t\t\t<\/div>\n\t\t\t\t<\/div>\n\t\t\t\t<div class=\"elementor-element elementor-element-83199f0 elementor-widget elementor-widget-text-editor\" data-id=\"83199f0\" data-element_type=\"widget\" data-e-type=\"widget\" data-widget_type=\"text-editor.default\">\n\t\t\t\t<div class=\"elementor-widget-container\">\n\t\t\t\t\t\t\t\t\t<p>Omsorg er grunnleggende for v\u00e5r organisasjons suksess. N\u00e5r vi jobber med teknologi og kraftfulle krefter, setter vi omsorg f\u00f8rst \u2013 for milj\u00f8et, v\u00e5re kunder, og fremfor alt, v\u00e5re kollegaer. Denne verdien former hvordan vi behandler hverandre og tiln\u00e6rmer oss arbeidet v\u00e5rt, og reflekterer v\u00e5rt engasjement for ansvar og respekt.<\/p>\t\t\t\t\t\t\t\t<\/div>\n\t\t\t\t<\/div>\n\t\t\t\t<\/div>\n\t\t\t\t<\/div>\n\t\t\t\t\t<\/div>\n\t\t\t\t<\/div>\n\t\t\t\t<\/div>","protected":false},"excerpt":{"rendered":"<p>PURPOSE &amp; VALUES Passion for improving life at sea We are dedicated to enhancing safety and quality of life for those aboard vessels and installations. By consistently delivering world-class maritime products and services, we uphold the highest standards for ourselves and our partners. This commitment reflects our values and inspires continuous improvement in every collaboration, [&hellip;]<\/p>\n","protected":false},"author":5,"featured_media":0,"parent":0,"menu_order":0,"comment_status":"closed","ping_status":"closed","template":"","meta":{"_acf_changed":false,"om_disable_all_campaigns":false,"_monsterinsights_skip_tracking":false,"_monsterinsights_sitenote_active":false,"_monsterinsights_sitenote_note":"","_monsterinsights_sitenote_category":0,"footnotes":""},"class_list":["post-8871","page","type-page","status-publish","hentry"],"acf":[],"aioseo_notices":[],"_links":{"self":[{"href":"https:\/\/www.polarkonsult.com\/nb\/wp-json\/wp\/v2\/pages\/8871","targetHints":{"allow":["GET"]}}],"collection":[{"href":"https:\/\/www.polarkonsult.com\/nb\/wp-json\/wp\/v2\/pages"}],"about":[{"href":"https:\/\/www.polarkonsult.com\/nb\/wp-json\/wp\/v2\/types\/page"}],"author":[{"embeddable":true,"href":"https:\/\/www.polarkonsult.com\/nb\/wp-json\/wp\/v2\/users\/5"}],"replies":[{"embeddable":true,"href":"https:\/\/www.polarkonsult.com\/nb\/wp-json\/wp\/v2\/comments?post=8871"}],"version-history":[{"count":65,"href":"https:\/\/www.polarkonsult.com\/nb\/wp-json\/wp\/v2\/pages\/8871\/revisions"}],"predecessor-version":[{"id":10071,"href":"https:\/\/www.polarkonsult.com\/nb\/wp-json\/wp\/v2\/pages\/8871\/revisions\/10071"}],"wp:attachment":[{"href":"https:\/\/www.polarkonsult.com\/nb\/wp-json\/wp\/v2\/media?parent=8871"}],"curies":[{"name":"wp","href":"https:\/\/api.w.org\/{rel}","templated":true}]}}