{"id":6275,"date":"2024-01-02T11:54:14","date_gmt":"2024-01-02T11:54:14","guid":{"rendered":"https:\/\/www.polarkonsult.com\/?page_id=6275"},"modified":"2024-12-04T13:43:58","modified_gmt":"2024-12-04T13:43:58","slug":"pk-100-last","status":"publish","type":"page","link":"https:\/\/www.polarkonsult.com\/nb\/pk-100-cargo\/","title":{"rendered":"PK-100 Lasteskip"},"content":{"rendered":"<div data-elementor-type=\"wp-page\" data-elementor-id=\"6275\" class=\"elementor elementor-6275\" data-elementor-post-type=\"page\">\n\t\t\t\t<div class=\"has_eae_slider elementor-element elementor-element-dc884e1 e-con-full header e-flex e-con e-parent\" data-eae-slider=\"11707\" data-id=\"dc884e1\" data-element_type=\"container\" data-e-type=\"container\" data-settings=\"{&quot;background_background&quot;:&quot;classic&quot;}\">\n\t\t\t\t<div class=\"elementor-element elementor-element-2ec4e33 elementor-widget elementor-widget-image\" data-id=\"2ec4e33\" data-element_type=\"widget\" data-e-type=\"widget\" data-widget_type=\"image.default\">\n\t\t\t\t<div class=\"elementor-widget-container\">\n\t\t\t\t\t\t\t\t\t\t\t\t\t\t\t<img fetchpriority=\"high\" decoding=\"async\" width=\"800\" height=\"450\" src=\"https:\/\/www.polarkonsult.com\/wp-content\/uploads\/2024\/01\/Perspective_7_PNG-1024x576.png\" class=\"attachment-large size-large wp-image-6291\" alt=\"\" srcset=\"https:\/\/www.polarkonsult.com\/wp-content\/uploads\/2024\/01\/Perspective_7_PNG-1024x576.png 1024w, https:\/\/www.polarkonsult.com\/wp-content\/uploads\/2024\/01\/Perspective_7_PNG-300x169.png 300w, https:\/\/www.polarkonsult.com\/wp-content\/uploads\/2024\/01\/Perspective_7_PNG-768x432.png 768w, https:\/\/www.polarkonsult.com\/wp-content\/uploads\/2024\/01\/Perspective_7_PNG-1536x863.png 1536w, https:\/\/www.polarkonsult.com\/wp-content\/uploads\/2024\/01\/Perspective_7_PNG-2048x1151.png 2048w\" sizes=\"(max-width: 800px) 100vw, 800px\" \/>\t\t\t\t\t\t\t\t\t\t\t\t\t\t\t<\/div>\n\t\t\t\t<\/div>\n\t\t\t\t<\/div>\n\t\t<div class=\"has_eae_slider elementor-element elementor-element-3c38b0c e-flex e-con-boxed e-con e-parent\" data-eae-slider=\"3386\" data-id=\"3c38b0c\" data-element_type=\"container\" data-e-type=\"container\">\n\t\t\t\t\t<div class=\"e-con-inner\">\n\t\t<div class=\"has_eae_slider elementor-element elementor-element-ee2fb99 e-con-full e-flex e-con e-child\" data-eae-slider=\"56995\" data-id=\"ee2fb99\" data-element_type=\"container\" data-e-type=\"container\">\n\t\t\t\t<div class=\"elementor-element elementor-element-c8c46a3 elementor-widget elementor-widget-heading\" data-id=\"c8c46a3\" data-element_type=\"widget\" data-e-type=\"widget\" data-widget_type=\"heading.default\">\n\t\t\t\t<div class=\"elementor-widget-container\">\n\t\t\t\t\t<h2 class=\"elementor-heading-title elementor-size-default\">PK-100 Lasteskip<\/h2>\t\t\t\t<\/div>\n\t\t\t\t<\/div>\n\t\t\t\t<\/div>\n\t\t\t\t\t<\/div>\n\t\t\t\t<\/div>\n\t\t<div class=\"has_eae_slider elementor-element elementor-element-a3fa577 e-flex e-con-boxed e-con e-parent\" data-eae-slider=\"31574\" data-id=\"a3fa577\" data-element_type=\"container\" data-e-type=\"container\">\n\t\t\t\t\t<div class=\"e-con-inner\">\n\t\t<div class=\"has_eae_slider elementor-element elementor-element-9c32aa3 e-con-full e-flex e-con e-child\" data-eae-slider=\"12370\" data-id=\"9c32aa3\" data-element_type=\"container\" data-e-type=\"container\" data-settings=\"{&quot;background_background&quot;:&quot;classic&quot;}\">\n\t\t\t\t<div class=\"elementor-element elementor-element-877f977 elementor-widget elementor-widget-text-editor\" data-id=\"877f977\" data-element_type=\"widget\" data-e-type=\"widget\" data-widget_type=\"text-editor.default\">\n\t\t\t\t<div class=\"elementor-widget-container\">\n\t\t\t\t\t\t\t\t\t<p>Polarkonsult tilbyr design for en rekke ulike fart\u00f8y, fra mindre fiskefart\u00f8yer og passasjerfart\u00f8yer.<\/p>\t\t\t\t\t\t\t\t<\/div>\n\t\t\t\t<\/div>\n\t\t\t\t<\/div>\n\t\t\t\t\t<\/div>\n\t\t\t\t<\/div>\n\t\t<div class=\"has_eae_slider elementor-element elementor-element-d497c6a e-flex e-con-boxed e-con e-parent\" data-eae-slider=\"68923\" data-id=\"d497c6a\" data-element_type=\"container\" data-e-type=\"container\">\n\t\t\t\t\t<div class=\"e-con-inner\">\n\t\t<div class=\"has_eae_slider elementor-element elementor-element-175cf84 e-con-full e-flex e-con e-child\" data-eae-slider=\"19859\" data-id=\"175cf84\" data-element_type=\"container\" data-e-type=\"container\">\n\t\t\t\t<div class=\"elementor-element elementor-element-27c902e elementor-widget elementor-widget-heading\" data-id=\"27c902e\" data-element_type=\"widget\" data-e-type=\"widget\" data-widget_type=\"heading.default\">\n\t\t\t\t<div class=\"elementor-widget-container\">\n\t\t\t\t\t<h2 class=\"elementor-heading-title elementor-size-default\">Nyeste design<\/h2>\t\t\t\t<\/div>\n\t\t\t\t<\/div>\n\t\t\t\t<\/div>\n\t\t\t\t\t<\/div>\n\t\t\t\t<\/div>\n\t\t<div class=\"has_eae_slider elementor-element elementor-element-3d61b75 e-flex e-con-boxed e-con e-parent\" data-eae-slider=\"44788\" data-id=\"3d61b75\" data-element_type=\"container\" data-e-type=\"container\">\n\t\t\t\t\t<div class=\"e-con-inner\">\n\t\t<div class=\"has_eae_slider elementor-element elementor-element-7b1c208 e-con-full e-transform bdt-backdrop-filter-yes e-flex bdt-filter-backdrop e-con e-child\" data-eae-slider=\"77762\" data-id=\"7b1c208\" data-element_type=\"container\" data-e-type=\"container\" data-settings=\"{&quot;background_background&quot;:&quot;classic&quot;,&quot;_transform_translateY_effect_hover&quot;:{&quot;unit&quot;:&quot;px&quot;,&quot;size&quot;:-12,&quot;sizes&quot;:[]},&quot;xpro_backdrop_filter&quot;:&quot;yes&quot;,&quot;_transform_translateX_effect_hover&quot;:{&quot;unit&quot;:&quot;px&quot;,&quot;size&quot;:&quot;&quot;,&quot;sizes&quot;:[]},&quot;_transform_translateX_effect_hover_tablet&quot;:{&quot;unit&quot;:&quot;px&quot;,&quot;size&quot;:&quot;&quot;,&quot;sizes&quot;:[]},&quot;_transform_translateX_effect_hover_mobile&quot;:{&quot;unit&quot;:&quot;px&quot;,&quot;size&quot;:&quot;&quot;,&quot;sizes&quot;:[]},&quot;_transform_translateY_effect_hover_tablet&quot;:{&quot;unit&quot;:&quot;px&quot;,&quot;size&quot;:&quot;&quot;,&quot;sizes&quot;:[]},&quot;_transform_translateY_effect_hover_mobile&quot;:{&quot;unit&quot;:&quot;px&quot;,&quot;size&quot;:&quot;&quot;,&quot;sizes&quot;:[]}}\">\n\t\t<div class=\"has_eae_slider elementor-element elementor-element-a2efabc e-flex e-con-boxed e-con e-child\" data-eae-slider=\"29390\" data-id=\"a2efabc\" data-element_type=\"container\" data-e-type=\"container\">\n\t\t\t\t\t<div class=\"e-con-inner\">\n\t\t\t\t<div class=\"elementor-element elementor-element-0a3b21a elementor-widget elementor-widget-image\" data-id=\"0a3b21a\" data-element_type=\"widget\" data-e-type=\"widget\" data-widget_type=\"image.default\">\n\t\t\t\t<div class=\"elementor-widget-container\">\n\t\t\t\t\t\t\t\t\t\t\t\t\t\t\t<img decoding=\"async\" width=\"800\" height=\"508\" data-src=\"https:\/\/www.polarkonsult.com\/wp-content\/uploads\/2024\/01\/Perspective_2-1024x650.png\" class=\"attachment-large size-large wp-image-6290 lazyload\" alt=\"\" data-srcset=\"https:\/\/www.polarkonsult.com\/wp-content\/uploads\/2024\/01\/Perspective_2-1024x650.png 1024w, https:\/\/www.polarkonsult.com\/wp-content\/uploads\/2024\/01\/Perspective_2-300x190.png 300w, https:\/\/www.polarkonsult.com\/wp-content\/uploads\/2024\/01\/Perspective_2-768x487.png 768w, https:\/\/www.polarkonsult.com\/wp-content\/uploads\/2024\/01\/Perspective_2-1536x975.png 1536w, https:\/\/www.polarkonsult.com\/wp-content\/uploads\/2024\/01\/Perspective_2-2048x1300.png 2048w\" data-sizes=\"(max-width: 800px) 100vw, 800px\" src=\"data:image\/svg+xml;base64,PHN2ZyB3aWR0aD0iMSIgaGVpZ2h0PSIxIiB4bWxucz0iaHR0cDovL3d3dy53My5vcmcvMjAwMC9zdmciPjwvc3ZnPg==\" style=\"--smush-placeholder-width: 800px; --smush-placeholder-aspect-ratio: 800\/508;\" \/>\t\t\t\t\t\t\t\t\t\t\t\t\t\t\t<\/div>\n\t\t\t\t<\/div>\n\t\t\t\t<div class=\"elementor-element elementor-element-fe3422a elementor-widget elementor-widget-text-editor\" data-id=\"fe3422a\" data-element_type=\"widget\" data-e-type=\"widget\" data-widget_type=\"text-editor.default\">\n\t\t\t\t<div class=\"elementor-widget-container\">\n\t\t\t\t\t\t\t\t\t<p>Bygge\u00e5r: 2023<\/p>\t\t\t\t\t\t\t\t<\/div>\n\t\t\t\t<\/div>\n\t\t\t\t<div class=\"elementor-element elementor-element-417c0b6 elementor-widget elementor-widget-heading\" data-id=\"417c0b6\" data-element_type=\"widget\" data-e-type=\"widget\" data-widget_type=\"heading.default\">\n\t\t\t\t<div class=\"elementor-widget-container\">\n\t\t\t\t\t<h2 class=\"elementor-heading-title elementor-size-default\">PK-164 Vigdis H<\/h2>\t\t\t\t<\/div>\n\t\t\t\t<\/div>\n\t\t\t\t<div class=\"elementor-element elementor-element-8a1b27c elementor-widget elementor-widget-text-editor\" data-id=\"8a1b27c\" data-element_type=\"widget\" data-e-type=\"widget\" data-widget_type=\"text-editor.default\">\n\t\t\t\t<div class=\"elementor-widget-container\">\n\t\t\t\t\t\t\t\t\t<p>EcoBulk er et spesialskip for transport av bulklast. Det er utstyrt som en selvlossende lasteb\u00e5t med en elektrisk gravemaskin og transportb\u00e5nd for direkte levering av produkter til byggeplassen.<\/p>\t\t\t\t\t\t\t\t<\/div>\n\t\t\t\t<\/div>\n\t\t\t\t\t<\/div>\n\t\t\t\t<\/div>\n\t\t<div class=\"has_eae_slider elementor-element elementor-element-21aa253 e-flex e-con-boxed e-con e-child\" data-eae-slider=\"80430\" data-id=\"21aa253\" data-element_type=\"container\" data-e-type=\"container\">\n\t\t\t\t\t<div class=\"e-con-inner\">\n\t\t\t\t<div class=\"elementor-element elementor-element-2ad3f69 e-transform elementor-widget elementor-widget-button\" data-id=\"2ad3f69\" data-element_type=\"widget\" data-e-type=\"widget\" data-settings=\"{&quot;_transform_translateX_effect_hover&quot;:{&quot;unit&quot;:&quot;px&quot;,&quot;size&quot;:12,&quot;sizes&quot;:[]},&quot;_transform_translateX_effect_hover_tablet&quot;:{&quot;unit&quot;:&quot;px&quot;,&quot;size&quot;:&quot;&quot;,&quot;sizes&quot;:[]},&quot;_transform_translateX_effect_hover_mobile&quot;:{&quot;unit&quot;:&quot;px&quot;,&quot;size&quot;:&quot;&quot;,&quot;sizes&quot;:[]},&quot;_transform_translateY_effect_hover&quot;:{&quot;unit&quot;:&quot;px&quot;,&quot;size&quot;:&quot;&quot;,&quot;sizes&quot;:[]},&quot;_transform_translateY_effect_hover_tablet&quot;:{&quot;unit&quot;:&quot;px&quot;,&quot;size&quot;:&quot;&quot;,&quot;sizes&quot;:[]},&quot;_transform_translateY_effect_hover_mobile&quot;:{&quot;unit&quot;:&quot;px&quot;,&quot;size&quot;:&quot;&quot;,&quot;sizes&quot;:[]}}\" data-widget_type=\"button.default\">\n\t\t\t\t<div class=\"elementor-widget-container\">\n\t\t\t\t\t\t\t\t\t<div class=\"elementor-button-wrapper\">\n\t\t\t\t\t<a class=\"elementor-button elementor-button-link elementor-size-xl\" href=\"https:\/\/www.polarkonsult.com\/nb\/pk-164-vigdis-h\/\">\n\t\t\t\t\t\t<span class=\"elementor-button-content-wrapper\">\n\t\t\t\t\t\t<span class=\"elementor-button-icon\">\n\t\t\t\t<i aria-hidden=\"true\" class=\"fas fa-long-arrow-alt-right\"><\/i>\t\t\t<\/span>\n\t\t\t\t\t\t\t\t\t<span class=\"elementor-button-text\">Naviger i dypet<\/span>\n\t\t\t\t\t<\/span>\n\t\t\t\t\t<\/a>\n\t\t\t\t<\/div>\n\t\t\t\t\t\t\t\t<\/div>\n\t\t\t\t<\/div>\n\t\t\t\t\t<\/div>\n\t\t\t\t<\/div>\n\t\t\t\t<\/div>\n\t\t\t\t\t<\/div>\n\t\t\t\t<\/div>\n\t\t<div class=\"has_eae_slider elementor-element elementor-element-594093a e-flex e-con-boxed e-con e-parent\" data-eae-slider=\"60164\" data-id=\"594093a\" data-element_type=\"container\" data-e-type=\"container\">\n\t\t\t\t\t<div class=\"e-con-inner\">\n\t\t\t\t<div class=\"elementor-element elementor-element-1f4e203 elementor-widget elementor-widget-heading\" data-id=\"1f4e203\" data-element_type=\"widget\" data-e-type=\"widget\" data-widget_type=\"heading.default\">\n\t\t\t\t<div class=\"elementor-widget-container\">\n\t\t\t\t\t<h2 class=\"elementor-heading-title elementor-size-default\">Har du et sp\u00f8rsm\u00e5l til oss?<\/h2>\t\t\t\t<\/div>\n\t\t\t\t<\/div>\n\t\t\t\t<div class=\"elementor-element elementor-element-985629b elementor-widget elementor-widget-text-editor\" data-id=\"985629b\" data-element_type=\"widget\" data-e-type=\"widget\" data-widget_type=\"text-editor.default\">\n\t\t\t\t<div class=\"elementor-widget-container\">\n\t\t\t\t\t\t\t\t\t<p>\u00a0Hvis du har sp\u00f8rsm\u00e5l om artikkelen, er du velkommen til \u00e5 sende dem en melding, eller bruke kontaktskjemaet v\u00e5rt.<\/p>\t\t\t\t\t\t\t\t<\/div>\n\t\t\t\t<\/div>\n\t\t\t\t\t<\/div>\n\t\t\t\t<\/div>\n\t\t<div class=\"has_eae_slider elementor-element elementor-element-00cd675 e-flex e-con-boxed e-con e-parent\" data-eae-slider=\"28322\" data-id=\"00cd675\" data-element_type=\"container\" data-e-type=\"container\">\n\t\t\t\t\t<div class=\"e-con-inner\">\n\t\t<div class=\"has_eae_slider elementor-element elementor-element-d47affc e-con-full e-flex e-con e-child\" data-eae-slider=\"39727\" data-id=\"d47affc\" data-element_type=\"container\" data-e-type=\"container\">\n\t\t\t\t<div class=\"elementor-element elementor-element-5bdb291 elementor-align-center e-transform elementor-widget elementor-widget-button\" data-id=\"5bdb291\" data-element_type=\"widget\" data-e-type=\"widget\" data-settings=\"{&quot;_transform_translateX_effect_hover&quot;:{&quot;unit&quot;:&quot;px&quot;,&quot;size&quot;:12,&quot;sizes&quot;:[]},&quot;_transform_translateX_effect_hover_tablet&quot;:{&quot;unit&quot;:&quot;px&quot;,&quot;size&quot;:&quot;&quot;,&quot;sizes&quot;:[]},&quot;_transform_translateX_effect_hover_mobile&quot;:{&quot;unit&quot;:&quot;px&quot;,&quot;size&quot;:&quot;&quot;,&quot;sizes&quot;:[]},&quot;_transform_translateY_effect_hover&quot;:{&quot;unit&quot;:&quot;px&quot;,&quot;size&quot;:&quot;&quot;,&quot;sizes&quot;:[]},&quot;_transform_translateY_effect_hover_tablet&quot;:{&quot;unit&quot;:&quot;px&quot;,&quot;size&quot;:&quot;&quot;,&quot;sizes&quot;:[]},&quot;_transform_translateY_effect_hover_mobile&quot;:{&quot;unit&quot;:&quot;px&quot;,&quot;size&quot;:&quot;&quot;,&quot;sizes&quot;:[]}}\" data-widget_type=\"button.default\">\n\t\t\t\t<div class=\"elementor-widget-container\">\n\t\t\t\t\t\t\t\t\t<div class=\"elementor-button-wrapper\">\n\t\t\t\t\t<a class=\"elementor-button elementor-button-link elementor-size-xl\" href=\"https:\/\/www.polarkonsult.com\/nb\/contact-2\/\">\n\t\t\t\t\t\t<span class=\"elementor-button-content-wrapper\">\n\t\t\t\t\t\t\t\t\t<span class=\"elementor-button-text\">Start en kommunikasjonsflaske<\/span>\n\t\t\t\t\t<\/span>\n\t\t\t\t\t<\/a>\n\t\t\t\t<\/div>\n\t\t\t\t\t\t\t\t<\/div>\n\t\t\t\t<\/div>\n\t\t\t\t<\/div>\n\t\t\t\t\t<\/div>\n\t\t\t\t<\/div>\n\t\t<div class=\"has_eae_slider elementor-element elementor-element-7065b6d e-flex e-con-boxed e-con e-parent\" data-eae-slider=\"14915\" data-id=\"7065b6d\" data-element_type=\"container\" data-e-type=\"container\">\n\t\t\t\t\t<div class=\"e-con-inner\">\n\t\t<div class=\"has_eae_slider elementor-element elementor-element-97cb168 e-con-full e-flex e-con e-child\" data-eae-slider=\"81834\" data-id=\"97cb168\" data-element_type=\"container\" data-e-type=\"container\">\n\t\t<div class=\"has_eae_slider elementor-element elementor-element-4632ff4 e-flex e-con-boxed e-con e-child\" data-eae-slider=\"41578\" data-id=\"4632ff4\" data-element_type=\"container\" data-e-type=\"container\">\n\t\t\t\t\t<div class=\"e-con-inner\">\n\t\t\t\t<div class=\"elementor-element elementor-element-de27121 elementor-widget elementor-widget-image\" data-id=\"de27121\" data-element_type=\"widget\" data-e-type=\"widget\" data-widget_type=\"image.default\">\n\t\t\t\t<div class=\"elementor-widget-container\">\n\t\t\t\t\t\t\t\t\t\t\t\t\t\t\t<img decoding=\"async\" width=\"800\" height=\"800\" data-src=\"https:\/\/www.polarkonsult.com\/wp-content\/uploads\/2023\/09\/Cankun-Demrikol-scaled-e1718096463564-1024x1024.jpg\" class=\"attachment-large size-large wp-image-2440 lazyload\" alt=\"Portrettbilde av v\u00e5r medarbeider Cankut Demrikol.\" data-srcset=\"https:\/\/www.polarkonsult.com\/wp-content\/uploads\/2023\/09\/Cankun-Demrikol-scaled-e1718096463564-1024x1024.jpg 1024w, https:\/\/www.polarkonsult.com\/wp-content\/uploads\/2023\/09\/Cankun-Demrikol-scaled-e1718096463564-300x300.jpg 300w, https:\/\/www.polarkonsult.com\/wp-content\/uploads\/2023\/09\/Cankun-Demrikol-scaled-e1718096463564-150x150.jpg 150w, https:\/\/www.polarkonsult.com\/wp-content\/uploads\/2023\/09\/Cankun-Demrikol-scaled-e1718096463564-768x768.jpg 768w, https:\/\/www.polarkonsult.com\/wp-content\/uploads\/2023\/09\/Cankun-Demrikol-scaled-e1718096463564.jpg 1028w\" data-sizes=\"(max-width: 800px) 100vw, 800px\" src=\"data:image\/svg+xml;base64,PHN2ZyB3aWR0aD0iMSIgaGVpZ2h0PSIxIiB4bWxucz0iaHR0cDovL3d3dy53My5vcmcvMjAwMC9zdmciPjwvc3ZnPg==\" style=\"--smush-placeholder-width: 800px; --smush-placeholder-aspect-ratio: 800\/800;\" \/>\t\t\t\t\t\t\t\t\t\t\t\t\t\t\t<\/div>\n\t\t\t\t<\/div>\n\t\t\t\t\t<\/div>\n\t\t\t\t<\/div>\n\t\t<div class=\"has_eae_slider elementor-element elementor-element-da62648 e-con-full e-flex e-con e-child\" data-eae-slider=\"98042\" data-id=\"da62648\" data-element_type=\"container\" data-e-type=\"container\">\n\t\t\t\t<div class=\"elementor-element elementor-element-8c28cd1 elementor-widget elementor-widget-heading\" data-id=\"8c28cd1\" data-element_type=\"widget\" data-e-type=\"widget\" data-widget_type=\"heading.default\">\n\t\t\t\t<div class=\"elementor-widget-container\">\n\t\t\t\t\t<h2 class=\"elementor-heading-title elementor-size-default\">Cankut Demirkol<\/h2>\t\t\t\t<\/div>\n\t\t\t\t<\/div>\n\t\t\t\t<\/div>\n\t\t<div class=\"has_eae_slider elementor-element elementor-element-bcc4c3d e-flex e-con-boxed e-con e-child\" data-eae-slider=\"56046\" data-id=\"bcc4c3d\" data-element_type=\"container\" data-e-type=\"container\">\n\t\t\t\t\t<div class=\"e-con-inner\">\n\t\t\t\t<div class=\"elementor-element elementor-element-b016d10 elementor-widget elementor-widget-text-editor\" data-id=\"b016d10\" data-element_type=\"widget\" data-e-type=\"widget\" data-widget_type=\"text-editor.default\">\n\t\t\t\t<div class=\"elementor-widget-container\">\n\t\t\t\t\t\t\t\t\t<p><strong>Teknisk salgssjef innen skipsdesign<\/strong><\/p>\t\t\t\t\t\t\t\t<\/div>\n\t\t\t\t<\/div>\n\t\t\t\t\t<\/div>\n\t\t\t\t<\/div>\n\t\t<div class=\"has_eae_slider elementor-element elementor-element-05d5ac1 e-con-full e-flex e-con e-child\" data-eae-slider=\"53301\" data-id=\"05d5ac1\" data-element_type=\"container\" data-e-type=\"container\">\n\t\t\t\t<div class=\"elementor-element elementor-element-619091a elementor-widget elementor-widget-text-editor\" data-id=\"619091a\" data-element_type=\"widget\" data-e-type=\"widget\" data-widget_type=\"text-editor.default\">\n\t\t\t\t<div class=\"elementor-widget-container\">\n\t\t\t\t\t\t\t\t\t<p><span style=\"color: #1d1d1d;\"><a style=\"color: #1d1d1d;\" href=\"mailto:cankut.d@polarkonsult.com\">cankut.d@polarkonsult.com<\/a><\/span><br \/><span style=\"color: #1d1d1d;\"><a style=\"color: #1d1d1d;\" href=\"tel:+4747672489\">+47 476 72 489<\/a><\/span><\/p>\t\t\t\t\t\t\t\t<\/div>\n\t\t\t\t<\/div>\n\t\t\t\t<\/div>\n\t\t\t\t<\/div>\n\t\t\t\t\t<\/div>\n\t\t\t\t<\/div>\n\t\t\t\t<\/div>","protected":false},"excerpt":{"rendered":"<p>PK-100 Cargo Polarkonsult offers design for a variety of vessels, from smaller fishing vessels and passanger. Newest design Building year: 2023 PK-164 Vigdis H EcoBulk is a specialized ship for bulk cargo transportation. It is equipped as a self-discharger with an electric excavator and conveyor belt for direct delivery of products to the construction site. [&hellip;]<\/p>\n","protected":false},"author":4,"featured_media":0,"parent":0,"menu_order":0,"comment_status":"closed","ping_status":"closed","template":"","meta":{"_acf_changed":false,"om_disable_all_campaigns":false,"_monsterinsights_skip_tracking":false,"_monsterinsights_sitenote_active":false,"_monsterinsights_sitenote_note":"","_monsterinsights_sitenote_category":0,"footnotes":""},"class_list":["post-6275","page","type-page","status-publish","hentry"],"acf":[],"aioseo_notices":[],"_links":{"self":[{"href":"https:\/\/www.polarkonsult.com\/nb\/wp-json\/wp\/v2\/pages\/6275","targetHints":{"allow":["GET"]}}],"collection":[{"href":"https:\/\/www.polarkonsult.com\/nb\/wp-json\/wp\/v2\/pages"}],"about":[{"href":"https:\/\/www.polarkonsult.com\/nb\/wp-json\/wp\/v2\/types\/page"}],"author":[{"embeddable":true,"href":"https:\/\/www.polarkonsult.com\/nb\/wp-json\/wp\/v2\/users\/4"}],"replies":[{"embeddable":true,"href":"https:\/\/www.polarkonsult.com\/nb\/wp-json\/wp\/v2\/comments?post=6275"}],"version-history":[{"count":63,"href":"https:\/\/www.polarkonsult.com\/nb\/wp-json\/wp\/v2\/pages\/6275\/revisions"}],"predecessor-version":[{"id":6941,"href":"https:\/\/www.polarkonsult.com\/nb\/wp-json\/wp\/v2\/pages\/6275\/revisions\/6941"}],"wp:attachment":[{"href":"https:\/\/www.polarkonsult.com\/nb\/wp-json\/wp\/v2\/media?parent=6275"}],"curies":[{"name":"wp","href":"https:\/\/api.w.org\/{rel}","templated":true}]}}