{"id":2006,"date":"2023-09-11T07:16:12","date_gmt":"2023-09-11T07:16:12","guid":{"rendered":"https:\/\/www.polarkonsult.com\/?page_id=2006"},"modified":"2024-12-04T13:35:32","modified_gmt":"2024-12-04T13:35:32","slug":"hvor-gamle","status":"publish","type":"page","link":"https:\/\/www.polarkonsult.com\/nb\/where-old\/","title":{"rendered":"Hvor"},"content":{"rendered":"\t\t<div data-elementor-type=\"wp-page\" data-elementor-id=\"2006\" class=\"elementor elementor-2006\" data-elementor-post-type=\"page\">\n\t\t\t\t<div class=\"has_eae_slider elementor-element elementor-element-8a670ae e-con-full header e-flex e-con e-parent\" data-eae-slider=\"51493\" data-id=\"8a670ae\" data-element_type=\"container\" data-e-type=\"container\">\n\t\t\t\t<div class=\"elementor-element elementor-element-e422268 elementor-widget elementor-widget-image\" data-id=\"e422268\" data-element_type=\"widget\" data-e-type=\"widget\" data-widget_type=\"image.default\">\n\t\t\t\t<div class=\"elementor-widget-container\">\n\t\t\t\t\t\t\t\t\t\t\t\t\t\t\t<img fetchpriority=\"high\" decoding=\"async\" width=\"2500\" height=\"566\" src=\"https:\/\/www.polarkonsult.com\/wp-content\/uploads\/2023\/09\/Harstadsentrumpanorama2017.jpeg\" class=\"attachment-full size-full wp-image-2726\" alt=\"Photo of Harstad city center taken in the afternoon on a winter&#039;s day. Photo: \u00d8ivind Arvola\" srcset=\"https:\/\/www.polarkonsult.com\/wp-content\/uploads\/2023\/09\/Harstadsentrumpanorama2017.jpeg 2500w, https:\/\/www.polarkonsult.com\/wp-content\/uploads\/2023\/09\/Harstadsentrumpanorama2017-300x68.jpeg 300w, https:\/\/www.polarkonsult.com\/wp-content\/uploads\/2023\/09\/Harstadsentrumpanorama2017-1024x232.jpeg 1024w, https:\/\/www.polarkonsult.com\/wp-content\/uploads\/2023\/09\/Harstadsentrumpanorama2017-768x174.jpeg 768w, https:\/\/www.polarkonsult.com\/wp-content\/uploads\/2023\/09\/Harstadsentrumpanorama2017-1536x348.jpeg 1536w, https:\/\/www.polarkonsult.com\/wp-content\/uploads\/2023\/09\/Harstadsentrumpanorama2017-2048x464.jpeg 2048w\" sizes=\"(max-width: 2500px) 100vw, 2500px\" \/>\t\t\t\t\t\t\t\t\t\t\t\t\t\t\t<\/div>\n\t\t\t\t<\/div>\n\t\t\t\t<\/div>\n\t\t<div class=\"has_eae_slider elementor-element elementor-element-7412918 e-flex e-con-boxed e-con e-parent\" data-eae-slider=\"46447\" data-id=\"7412918\" data-element_type=\"container\" data-e-type=\"container\">\n\t\t\t\t\t<div class=\"e-con-inner\">\n\t\t<div class=\"has_eae_slider elementor-element elementor-element-b1ddb7a e-con-full e-flex e-con e-child\" data-eae-slider=\"80985\" data-id=\"b1ddb7a\" data-element_type=\"container\" data-e-type=\"container\">\n\t\t\t\t<div class=\"elementor-element elementor-element-278acfc elementor-widget elementor-widget-heading\" data-id=\"278acfc\" data-element_type=\"widget\" data-e-type=\"widget\" data-widget_type=\"heading.default\">\n\t\t\t\t<div class=\"elementor-widget-container\">\n\t\t\t\t\t<h2 class=\"elementor-heading-title elementor-size-default\">The arctic way<\/h2>\t\t\t\t<\/div>\n\t\t\t\t<\/div>\n\t\t\t\t<\/div>\n\t\t<div class=\"has_eae_slider elementor-element elementor-element-0247ad2 e-con-full e-flex e-con e-child\" data-eae-slider=\"84167\" data-id=\"0247ad2\" data-element_type=\"container\" data-e-type=\"container\">\n\t\t\t\t<div class=\"elementor-element elementor-element-01c4d24 elementor-widget elementor-widget-text-editor\" data-id=\"01c4d24\" data-element_type=\"widget\" data-e-type=\"widget\" data-widget_type=\"text-editor.default\">\n\t\t\t\t<div class=\"elementor-widget-container\">\n\t\t\t\t\t\t\t\t\t<p>Living and working in the arctic<\/p>\t\t\t\t\t\t\t\t<\/div>\n\t\t\t\t<\/div>\n\t\t\t\t<\/div>\n\t\t<div class=\"has_eae_slider elementor-element elementor-element-5e08f0b e-con-full e-flex e-con e-child\" data-eae-slider=\"53776\" data-id=\"5e08f0b\" data-element_type=\"container\" data-e-type=\"container\">\n\t\t\t\t<div class=\"elementor-element elementor-element-a91c7fe elementor-widget elementor-widget-text-editor\" data-id=\"a91c7fe\" data-element_type=\"widget\" data-e-type=\"widget\" data-widget_type=\"text-editor.default\">\n\t\t\t\t<div class=\"elementor-widget-container\">\n\t\t\t\t\t\t\t\t\t<p>Nestled in the frigid embrace of the Arctic, our headquarters takes its place in Harstad, a historic northern Norwegian coastal town adorned with a vibrant cultural heritage. The maritime, fishing, and oil and gas industries flourish here, making Harstad a strategic hub in the north.<\/p><p>Yet, within this coastal gem, the weather can be unpredictable which creates challenges. The landscape transforms into a battlefield where frosty storms, relentless blizzards, and bone-chilling temperatures join forces with their allies: the insidious humidity and gnawing rust. This alliance of elements forms a strong adversary, relentless against boats, ships, and vessels every year. The unforgiving climate can be ruthless to vessels that are not sufficiently prepared.<\/p>\t\t\t\t\t\t\t\t<\/div>\n\t\t\t\t<\/div>\n\t\t\t\t<\/div>\n\t\t<div class=\"has_eae_slider elementor-element elementor-element-d93dba5 e-con-full e-flex e-con e-child\" data-eae-slider=\"2112\" data-id=\"d93dba5\" data-element_type=\"container\" data-e-type=\"container\">\n\t\t\t\t<div class=\"elementor-element elementor-element-d4c2934 elementor-widget elementor-widget-text-editor\" data-id=\"d4c2934\" data-element_type=\"widget\" data-e-type=\"widget\" data-widget_type=\"text-editor.default\">\n\t\t\t\t<div class=\"elementor-widget-container\">\n\t\t\t\t\t\t\t\t\t<p>For our workers, the Arctic environment provides an exceptional backdrop to their daily professional activities. As specialists in ship design and maritime engineering, they have a deep appreciation for the distinctive maritime landscape and the challenges it poses.<\/p><p>With each dawn heralding a polar twilight, they brave the arctic nights, where the sun&#8217;s fearful ascent barely touches the horizon. It is a symbiotic relationship where challenges are met with unwavering determination, strengthened by the dance of the mesmerizing northern lights, which illuminate the sky with their captivating aurora during the ethereal dark season.<\/p>\t\t\t\t\t\t\t\t<\/div>\n\t\t\t\t<\/div>\n\t\t\t\t<\/div>\n\t\t\t\t\t<\/div>\n\t\t\t\t<\/div>\n\t\t<div class=\"has_eae_slider elementor-element elementor-element-dbd83cf e-flex e-con-boxed e-con e-parent\" data-eae-slider=\"22195\" data-id=\"dbd83cf\" data-element_type=\"container\" data-e-type=\"container\">\n\t\t\t\t\t<div class=\"e-con-inner\">\n\t\t\t\t<div class=\"elementor-element elementor-element-48cb453 elementor-widget__width-initial elementor-widget elementor-widget-heading\" data-id=\"48cb453\" data-element_type=\"widget\" data-e-type=\"widget\" data-widget_type=\"heading.default\">\n\t\t\t\t<div class=\"elementor-widget-container\">\n\t\t\t\t\t<h2 class=\"elementor-heading-title elementor-size-default\">Locations<\/h2>\t\t\t\t<\/div>\n\t\t\t\t<\/div>\n\t\t\t\t<div class=\"elementor-element elementor-element-cdb126e elementor-widget__width-initial elementor-widget elementor-widget-text-editor\" data-id=\"cdb126e\" data-element_type=\"widget\" data-e-type=\"widget\" data-widget_type=\"text-editor.default\">\n\t\t\t\t<div class=\"elementor-widget-container\">\n\t\t\t\t\t\t\t\t\t<p>In addition to our head office in Harstad, we have offices in Svolv\u00e6r, Bergen, Stavanger and soon Narvik.<\/p>\t\t\t\t\t\t\t\t<\/div>\n\t\t\t\t<\/div>\n\t\t\t\t\t<\/div>\n\t\t\t\t<\/div>\n\t\t<div class=\"has_eae_slider elementor-element elementor-element-d7addf8 e-flex e-con-boxed e-con e-parent\" data-eae-slider=\"17049\" data-id=\"d7addf8\" data-element_type=\"container\" data-e-type=\"container\">\n\t\t\t\t\t<div class=\"e-con-inner\">\n\t\t<div class=\"has_eae_slider elementor-element elementor-element-1d87128 e-con-full e-flex e-con e-child\" data-eae-slider=\"19067\" data-id=\"1d87128\" data-element_type=\"container\" data-e-type=\"container\">\n\t\t\t\t<div class=\"elementor-element elementor-element-ac7a909 elementor-view-default elementor-widget elementor-widget-icon\" data-id=\"ac7a909\" data-element_type=\"widget\" data-e-type=\"widget\" data-widget_type=\"icon.default\">\n\t\t\t\t<div class=\"elementor-widget-container\">\n\t\t\t\t\t\t\t<div class=\"elementor-icon-wrapper\">\n\t\t\t<div class=\"elementor-icon\">\n\t\t\t<svg xmlns=\"http:\/\/www.w3.org\/2000\/svg\" id=\"Layer_2\" data-name=\"Layer 2\" viewBox=\"0 0 131.7 120.77\"><defs><style>      .cls-1 {        fill: #0091b3;        stroke-width: 0px;      }    <\/style><\/defs><g id=\"Layer_1-2\" data-name=\"Layer 1\"><path class=\"cls-1\" d=\"m131.7,67.11c-.42,22.41-12.03,42.09-29.47,53.67l-16.98-29.42c10.9-3.49,18.79-13.71,18.79-25.77,0-1.63-.14-3.23-.43-4.78-2.25-12.67-13.32-22.28-26.64-22.28H24.55l6.66,11.54,6.21,10.75,17.87,30.96H5.28c-3.25-7.59-5.12-15.92-5.28-24.67C.64,31.11,28.07,1.9,62.46.09c.56-.03,1.12-.05,1.69-.07.57-.02,1.13-.02,1.7-.02s1.14,0,1.7.02c.57.02,1.13.04,1.69.07,34.39,1.81,61.82,31.02,62.46,67.02Z\"><\/path><\/g><\/svg>\t\t\t<\/div>\n\t\t<\/div>\n\t\t\t\t\t\t<\/div>\n\t\t\t\t<\/div>\n\t\t\t\t<div class=\"elementor-element elementor-element-8234709 elementor-widget elementor-widget-heading\" data-id=\"8234709\" data-element_type=\"widget\" data-e-type=\"widget\" data-widget_type=\"heading.default\">\n\t\t\t\t<div class=\"elementor-widget-container\">\n\t\t\t\t\t<h2 class=\"elementor-heading-title elementor-size-default\">Harstad<\/h2>\t\t\t\t<\/div>\n\t\t\t\t<\/div>\n\t\t\t\t<\/div>\n\t\t<div class=\"has_eae_slider elementor-element elementor-element-3a41dbb e-con-full e-flex e-con e-child\" data-eae-slider=\"41513\" data-id=\"3a41dbb\" data-element_type=\"container\" data-e-type=\"container\">\n\t\t\t\t<div class=\"elementor-element elementor-element-e46d55b elementor-view-default elementor-widget elementor-widget-icon\" data-id=\"e46d55b\" data-element_type=\"widget\" data-e-type=\"widget\" data-widget_type=\"icon.default\">\n\t\t\t\t<div class=\"elementor-widget-container\">\n\t\t\t\t\t\t\t<div class=\"elementor-icon-wrapper\">\n\t\t\t<div class=\"elementor-icon\">\n\t\t\t<svg xmlns=\"http:\/\/www.w3.org\/2000\/svg\" id=\"Layer_2\" data-name=\"Layer 2\" viewBox=\"0 0 131.7 120.77\"><defs><style>      .cls-1 {        fill: #0091b3;        stroke-width: 0px;      }    <\/style><\/defs><g id=\"Layer_1-2\" data-name=\"Layer 1\"><path class=\"cls-1\" d=\"m131.7,67.11c-.42,22.41-12.03,42.09-29.47,53.67l-16.98-29.42c10.9-3.49,18.79-13.71,18.79-25.77,0-1.63-.14-3.23-.43-4.78-2.25-12.67-13.32-22.28-26.64-22.28H24.55l6.66,11.54,6.21,10.75,17.87,30.96H5.28c-3.25-7.59-5.12-15.92-5.28-24.67C.64,31.11,28.07,1.9,62.46.09c.56-.03,1.12-.05,1.69-.07.57-.02,1.13-.02,1.7-.02s1.14,0,1.7.02c.57.02,1.13.04,1.69.07,34.39,1.81,61.82,31.02,62.46,67.02Z\"><\/path><\/g><\/svg>\t\t\t<\/div>\n\t\t<\/div>\n\t\t\t\t\t\t<\/div>\n\t\t\t\t<\/div>\n\t\t\t\t<div class=\"elementor-element elementor-element-b1cfa4d elementor-widget elementor-widget-heading\" data-id=\"b1cfa4d\" data-element_type=\"widget\" data-e-type=\"widget\" data-widget_type=\"heading.default\">\n\t\t\t\t<div class=\"elementor-widget-container\">\n\t\t\t\t\t<h2 class=\"elementor-heading-title elementor-size-default\">Svolv\u00e6r<\/h2>\t\t\t\t<\/div>\n\t\t\t\t<\/div>\n\t\t\t\t<\/div>\n\t\t<div class=\"has_eae_slider elementor-element elementor-element-7fc7308 e-con-full e-flex e-con e-child\" data-eae-slider=\"40460\" data-id=\"7fc7308\" data-element_type=\"container\" data-e-type=\"container\">\n\t\t\t\t<div class=\"elementor-element elementor-element-2419f23 elementor-view-default elementor-widget elementor-widget-icon\" data-id=\"2419f23\" data-element_type=\"widget\" data-e-type=\"widget\" data-widget_type=\"icon.default\">\n\t\t\t\t<div class=\"elementor-widget-container\">\n\t\t\t\t\t\t\t<div class=\"elementor-icon-wrapper\">\n\t\t\t<div class=\"elementor-icon\">\n\t\t\t<svg xmlns=\"http:\/\/www.w3.org\/2000\/svg\" id=\"Layer_2\" data-name=\"Layer 2\" viewBox=\"0 0 131.7 120.77\"><defs><style>      .cls-1 {        fill: #0091b3;        stroke-width: 0px;      }    <\/style><\/defs><g id=\"Layer_1-2\" data-name=\"Layer 1\"><path class=\"cls-1\" d=\"m131.7,67.11c-.42,22.41-12.03,42.09-29.47,53.67l-16.98-29.42c10.9-3.49,18.79-13.71,18.79-25.77,0-1.63-.14-3.23-.43-4.78-2.25-12.67-13.32-22.28-26.64-22.28H24.55l6.66,11.54,6.21,10.75,17.87,30.96H5.28c-3.25-7.59-5.12-15.92-5.28-24.67C.64,31.11,28.07,1.9,62.46.09c.56-.03,1.12-.05,1.69-.07.57-.02,1.13-.02,1.7-.02s1.14,0,1.7.02c.57.02,1.13.04,1.69.07,34.39,1.81,61.82,31.02,62.46,67.02Z\"><\/path><\/g><\/svg>\t\t\t<\/div>\n\t\t<\/div>\n\t\t\t\t\t\t<\/div>\n\t\t\t\t<\/div>\n\t\t\t\t<div class=\"elementor-element elementor-element-0b11dd7 elementor-widget elementor-widget-heading\" data-id=\"0b11dd7\" data-element_type=\"widget\" data-e-type=\"widget\" data-widget_type=\"heading.default\">\n\t\t\t\t<div class=\"elementor-widget-container\">\n\t\t\t\t\t<h2 class=\"elementor-heading-title elementor-size-default\">Stavanger<\/h2>\t\t\t\t<\/div>\n\t\t\t\t<\/div>\n\t\t\t\t<\/div>\n\t\t<div class=\"has_eae_slider elementor-element elementor-element-4d5a602 e-con-full e-flex e-con e-child\" data-eae-slider=\"99027\" data-id=\"4d5a602\" data-element_type=\"container\" data-e-type=\"container\">\n\t\t\t\t<div class=\"elementor-element elementor-element-189d8b1 elementor-view-default elementor-widget elementor-widget-icon\" data-id=\"189d8b1\" data-element_type=\"widget\" data-e-type=\"widget\" data-widget_type=\"icon.default\">\n\t\t\t\t<div class=\"elementor-widget-container\">\n\t\t\t\t\t\t\t<div class=\"elementor-icon-wrapper\">\n\t\t\t<div class=\"elementor-icon\">\n\t\t\t<svg xmlns=\"http:\/\/www.w3.org\/2000\/svg\" id=\"Layer_2\" data-name=\"Layer 2\" viewBox=\"0 0 131.7 120.77\"><defs><style>      .cls-1 {        fill: #0091b3;        stroke-width: 0px;      }    <\/style><\/defs><g id=\"Layer_1-2\" data-name=\"Layer 1\"><path class=\"cls-1\" d=\"m131.7,67.11c-.42,22.41-12.03,42.09-29.47,53.67l-16.98-29.42c10.9-3.49,18.79-13.71,18.79-25.77,0-1.63-.14-3.23-.43-4.78-2.25-12.67-13.32-22.28-26.64-22.28H24.55l6.66,11.54,6.21,10.75,17.87,30.96H5.28c-3.25-7.59-5.12-15.92-5.28-24.67C.64,31.11,28.07,1.9,62.46.09c.56-.03,1.12-.05,1.69-.07.57-.02,1.13-.02,1.7-.02s1.14,0,1.7.02c.57.02,1.13.04,1.69.07,34.39,1.81,61.82,31.02,62.46,67.02Z\"><\/path><\/g><\/svg>\t\t\t<\/div>\n\t\t<\/div>\n\t\t\t\t\t\t<\/div>\n\t\t\t\t<\/div>\n\t\t\t\t<div class=\"elementor-element elementor-element-f1d46b4 elementor-widget elementor-widget-heading\" data-id=\"f1d46b4\" data-element_type=\"widget\" data-e-type=\"widget\" data-widget_type=\"heading.default\">\n\t\t\t\t<div class=\"elementor-widget-container\">\n\t\t\t\t\t<h2 class=\"elementor-heading-title elementor-size-default\">Narvik<\/h2>\t\t\t\t<\/div>\n\t\t\t\t<\/div>\n\t\t\t\t<\/div>\n\t\t\t\t\t<\/div>\n\t\t\t\t<\/div>\n\t\t<div class=\"has_eae_slider elementor-element elementor-element-c30b57b e-flex e-con-boxed e-con e-parent\" data-eae-slider=\"23078\" data-id=\"c30b57b\" data-element_type=\"container\" data-e-type=\"container\">\n\t\t\t\t\t<div class=\"e-con-inner\">\n\t\t<div class=\"has_eae_slider elementor-element elementor-element-f2dada7 e-con-full e-flex e-con e-child\" data-eae-slider=\"75296\" data-id=\"f2dada7\" data-element_type=\"container\" data-e-type=\"container\" data-settings=\"{&quot;background_background&quot;:&quot;classic&quot;}\">\n\t\t\t\t<\/div>\n\t\t<div class=\"has_eae_slider elementor-element elementor-element-23d0bc2 e-con-full e-flex e-con e-child\" data-eae-slider=\"80141\" data-id=\"23d0bc2\" data-element_type=\"container\" data-e-type=\"container\">\n\t\t<div class=\"has_eae_slider elementor-element elementor-element-c10a9f6 e-con-full e-flex e-con e-child\" data-eae-slider=\"88091\" data-id=\"c10a9f6\" data-element_type=\"container\" data-e-type=\"container\">\n\t\t\t\t<div class=\"elementor-element elementor-element-087238a elementor-widget elementor-widget-text-editor\" data-id=\"087238a\" data-element_type=\"widget\" data-e-type=\"widget\" data-widget_type=\"text-editor.default\">\n\t\t\t\t<div class=\"elementor-widget-container\">\n\t\t\t\t\t\t\t\t\t<p>Harstad<\/p>\t\t\t\t\t\t\t\t<\/div>\n\t\t\t\t<\/div>\n\t\t\t\t<div class=\"elementor-element elementor-element-617007e elementor-widget elementor-widget-text-editor\" data-id=\"617007e\" data-element_type=\"widget\" data-e-type=\"widget\" data-widget_type=\"text-editor.default\">\n\t\t\t\t<div class=\"elementor-widget-container\">\n\t\t\t\t\t\t\t\t\t<p>68.48\u00b0N 16.32\u00b0\u00d8<\/p>\t\t\t\t\t\t\t\t<\/div>\n\t\t\t\t<\/div>\n\t\t\t\t<\/div>\n\t\t<div class=\"has_eae_slider elementor-element elementor-element-f5d8444 e-flex e-con-boxed e-con e-child\" data-eae-slider=\"46334\" data-id=\"f5d8444\" data-element_type=\"container\" data-e-type=\"container\">\n\t\t\t\t\t<div class=\"e-con-inner\">\n\t\t\t\t<div class=\"elementor-element elementor-element-f70af25 elementor-widget elementor-widget-text-editor\" data-id=\"f70af25\" data-element_type=\"widget\" data-e-type=\"widget\" data-widget_type=\"text-editor.default\">\n\t\t\t\t<div class=\"elementor-widget-container\">\n\t\t\t\t\t\t\t\t\t<div class=\"flex-1 overflow-hidden\"><div class=\"react-scroll-to-bottom--css-ctyya-79elbk h-full dark:bg-gray-800\"><div class=\"react-scroll-to-bottom--css-ctyya-1n7m0yu\"><div class=\"flex flex-col text-sm dark:bg-gray-800\"><div class=\"group w-full text-token-text-primary border-b border-black\/10 gizmo:border-0 dark:border-gray-900\/50 gizmo:dark:border-0 bg-gray-50 gizmo:bg-transparent dark:bg-[#444654] gizmo:dark:bg-transparent\" data-testid=\"conversation-turn-137\"><div class=\"p-4 justify-center text-base md:gap-6 md:py-6 m-auto\"><div class=\"flex flex-1 gap-4 text-base mx-auto md:gap-6 gizmo:gap-3 gizmo:md:px-5 gizmo:lg:px-1 gizmo:xl:px-5 md:max-w-2xl lg:max-w-[38rem] gizmo:md:max-w-3xl gizmo:lg:max-w-[40rem] gizmo:xl:max-w-[48rem] xl:max-w-3xl }\"><div class=\"relative flex w-[calc(100%-50px)] flex-col gap-1 gizmo:w-full md:gap-3 lg:w-[calc(100%-115px)] agent-turn\"><div class=\"flex flex-grow flex-col gap-3 max-w-full\"><div class=\"min-h-[20px] flex flex-col items-start gap-3 whitespace-pre-wrap break-words overflow-x-auto\"><div class=\"markdown prose w-full break-words dark:prose-invert light\"><p>Harstad, known as H\u00e0rstt\u00e0k in Northern Sami, is located in the northeast on the largest island in Norway called Hinn\u00f8ya. A proud coastal town surrounded by beautiful and majestic nature, it has ancient roots dating back to the Stone Age and has blossomed into a bustling hub for culture, history, and industry. Today, Harstad has grown to become the second-largest municipality in Troms and Finnmark.<\/p><p>With a total area of 445.21 km\u00b2 and a population of around 25,000, or 11,000 households, Harstad is more than just numbers; its vibrant local life makes it a center for events of all sizes year-round. The city offers a range of cultural features, including concerts, performances, art exhibitions, film screenings, lectures, and more.<\/p><p>For nature enthusiasts, there&#8217;s no need to despair. You can witness the fascinating northern lights, a heavenly ballet that graces the winter sky, or experience the midnight sun that illuminates both day and night in the summer. Take a boat ride to the archipelago or go hiking on S\u00e6tertinden, Harstad&#8217;s tallest peak. With nature right outside your door, there&#8217;s an abundance of activities for every season. What are <em>you<\/em> waiting for?&#8221;<\/p><\/div><\/div><p>Image of Harstad city, 2021<br \/>Photo: Jan Schmitt David Buettner<\/p><\/div><\/div><\/div><\/div><\/div><\/div><\/div><\/div><\/div>\t\t\t\t\t\t\t\t<\/div>\n\t\t\t\t<\/div>\n\t\t\t\t\t<\/div>\n\t\t\t\t<\/div>\n\t\t\t\t<\/div>\n\t\t\t\t\t<\/div>\n\t\t\t\t<\/div>\n\t\t<div class=\"has_eae_slider elementor-element elementor-element-ad277bc e-flex e-con-boxed e-con e-parent\" data-eae-slider=\"16371\" data-id=\"ad277bc\" data-element_type=\"container\" data-e-type=\"container\">\n\t\t\t\t\t<div class=\"e-con-inner\">\n\t\t<div class=\"has_eae_slider elementor-element elementor-element-2d17421 e-con-full e-flex e-con e-child\" data-eae-slider=\"48916\" data-id=\"2d17421\" data-element_type=\"container\" data-e-type=\"container\">\n\t\t\t\t<div class=\"elementor-element elementor-element-0f42991 elementor-widget elementor-widget-heading\" data-id=\"0f42991\" data-element_type=\"widget\" data-e-type=\"widget\" data-widget_type=\"heading.default\">\n\t\t\t\t<div class=\"elementor-widget-container\">\n\t\t\t\t\t<h2 class=\"elementor-heading-title elementor-size-default\">Dreaming of <span class=\"orange-text\"> moving <\/span> \n<br>\nto this destination?<\/h2>\t\t\t\t<\/div>\n\t\t\t\t<\/div>\n\t\t\t\t<\/div>\n\t\t<div class=\"has_eae_slider elementor-element elementor-element-a1ef730 e-con-full e-flex e-con e-child\" data-eae-slider=\"34905\" data-id=\"a1ef730\" data-element_type=\"container\" data-e-type=\"container\">\n\t\t\t\t<div class=\"elementor-element elementor-element-3104933 elementor-align-center e-transform elementor-widget elementor-widget-button\" data-id=\"3104933\" data-element_type=\"widget\" data-e-type=\"widget\" data-settings=\"{&quot;_transform_translateX_effect_hover&quot;:{&quot;unit&quot;:&quot;px&quot;,&quot;size&quot;:12,&quot;sizes&quot;:[]},&quot;_transform_translateX_effect_hover_tablet&quot;:{&quot;unit&quot;:&quot;px&quot;,&quot;size&quot;:&quot;&quot;,&quot;sizes&quot;:[]},&quot;_transform_translateX_effect_hover_mobile&quot;:{&quot;unit&quot;:&quot;px&quot;,&quot;size&quot;:&quot;&quot;,&quot;sizes&quot;:[]},&quot;_transform_translateY_effect_hover&quot;:{&quot;unit&quot;:&quot;px&quot;,&quot;size&quot;:&quot;&quot;,&quot;sizes&quot;:[]},&quot;_transform_translateY_effect_hover_tablet&quot;:{&quot;unit&quot;:&quot;px&quot;,&quot;size&quot;:&quot;&quot;,&quot;sizes&quot;:[]},&quot;_transform_translateY_effect_hover_mobile&quot;:{&quot;unit&quot;:&quot;px&quot;,&quot;size&quot;:&quot;&quot;,&quot;sizes&quot;:[]}}\" data-widget_type=\"button.default\">\n\t\t\t\t<div class=\"elementor-widget-container\">\n\t\t\t\t\t\t\t\t\t<div class=\"elementor-button-wrapper\">\n\t\t\t\t\t<a class=\"elementor-button elementor-button-link elementor-size-xl\" href=\"https:\/\/www.polarkonsult.com\/join\/\">\n\t\t\t\t\t\t<span class=\"elementor-button-content-wrapper\">\n\t\t\t\t\t\t\t\t\t<span class=\"elementor-button-text\">Chart your journey with our fleet<\/span>\n\t\t\t\t\t<\/span>\n\t\t\t\t\t<\/a>\n\t\t\t\t<\/div>\n\t\t\t\t\t\t\t\t<\/div>\n\t\t\t\t<\/div>\n\t\t\t\t<\/div>\n\t\t\t\t\t<\/div>\n\t\t\t\t<\/div>\n\t\t\t\t<\/div>\n\t\t","protected":false},"excerpt":{"rendered":"<p>The arctic way Living and working in the arctic Nestled in the frigid embrace of the Arctic, our headquarters takes its place in Harstad, a historic northern Norwegian coastal town adorned with a vibrant cultural heritage. The maritime, fishing, and oil and gas industries flourish here, making Harstad a strategic hub in the north. Yet, [&hellip;]<\/p>\n","protected":false},"author":4,"featured_media":0,"parent":0,"menu_order":0,"comment_status":"closed","ping_status":"closed","template":"","meta":{"_acf_changed":false,"om_disable_all_campaigns":false,"_monsterinsights_skip_tracking":false,"_monsterinsights_sitenote_active":false,"_monsterinsights_sitenote_note":"","_monsterinsights_sitenote_category":0,"footnotes":""},"class_list":["post-2006","page","type-page","status-publish","hentry"],"acf":[],"aioseo_notices":[],"_links":{"self":[{"href":"https:\/\/www.polarkonsult.com\/nb\/wp-json\/wp\/v2\/pages\/2006","targetHints":{"allow":["GET"]}}],"collection":[{"href":"https:\/\/www.polarkonsult.com\/nb\/wp-json\/wp\/v2\/pages"}],"about":[{"href":"https:\/\/www.polarkonsult.com\/nb\/wp-json\/wp\/v2\/types\/page"}],"author":[{"embeddable":true,"href":"https:\/\/www.polarkonsult.com\/nb\/wp-json\/wp\/v2\/users\/4"}],"replies":[{"embeddable":true,"href":"https:\/\/www.polarkonsult.com\/nb\/wp-json\/wp\/v2\/comments?post=2006"}],"version-history":[{"count":272,"href":"https:\/\/www.polarkonsult.com\/nb\/wp-json\/wp\/v2\/pages\/2006\/revisions"}],"predecessor-version":[{"id":9279,"href":"https:\/\/www.polarkonsult.com\/nb\/wp-json\/wp\/v2\/pages\/2006\/revisions\/9279"}],"wp:attachment":[{"href":"https:\/\/www.polarkonsult.com\/nb\/wp-json\/wp\/v2\/media?parent=2006"}],"curies":[{"name":"wp","href":"https:\/\/api.w.org\/{rel}","templated":true}]}}