{"id":11047,"date":"2025-09-23T11:26:23","date_gmt":"2025-09-23T11:26:23","guid":{"rendered":"https:\/\/www.polarkonsult.com\/?page_id=11047"},"modified":"2026-03-09T07:47:30","modified_gmt":"2026-03-09T07:47:30","slug":"a-ta-opp-bekymringer","status":"publish","type":"page","link":"https:\/\/www.polarkonsult.com\/nb\/raising-concerns\/","title":{"rendered":"\u00c5 ta opp bekymringer"},"content":{"rendered":"<div data-elementor-type=\"wp-page\" data-elementor-id=\"11047\" class=\"elementor elementor-11047\" data-elementor-post-type=\"page\">\n\t\t\t\t<div class=\"has_eae_slider elementor-element elementor-element-167b75d e-con-full header e-flex e-con e-parent\" data-eae-slider=\"36641\" data-id=\"167b75d\" data-element_type=\"container\" data-e-type=\"container\" data-settings=\"{&quot;background_background&quot;:&quot;classic&quot;}\">\n\t\t\t\t<div class=\"elementor-element elementor-element-4770279 elementor-widget elementor-widget-heading\" data-id=\"4770279\" data-element_type=\"widget\" data-e-type=\"widget\" data-widget_type=\"heading.default\">\n\t\t\t\t<div class=\"elementor-widget-container\">\n\t\t\t\t\t<h2 class=\"elementor-heading-title elementor-size-default\">BEKYMRINGER<\/h2>\t\t\t\t<\/div>\n\t\t\t\t<\/div>\n\t\t\t\t<\/div>\n\t\t<div class=\"has_eae_slider elementor-element elementor-element-d4656df e-flex e-con-boxed e-con e-parent\" data-eae-slider=\"8512\" data-id=\"d4656df\" data-element_type=\"container\" data-e-type=\"container\">\n\t\t\t\t\t<div class=\"e-con-inner\">\n\t\t\t\t<div class=\"elementor-element elementor-element-4e26032 elementor-widget__width-inherit elementor-widget elementor-widget-heading\" data-id=\"4e26032\" data-element_type=\"widget\" data-e-type=\"widget\" data-widget_type=\"heading.default\">\n\t\t\t\t<div class=\"elementor-widget-container\">\n\t\t\t\t\t<h2 class=\"elementor-heading-title elementor-size-default\">Ta opp bekymringer og klager <\/h2>\t\t\t\t<\/div>\n\t\t\t\t<\/div>\n\t\t\t\t<div class=\"elementor-element elementor-element-d5938f6 elementor-widget__width-inherit elementor-widget elementor-widget-text-editor\" data-id=\"d5938f6\" data-element_type=\"widget\" data-e-type=\"widget\" data-widget_type=\"text-editor.default\">\n\t\t\t\t<div class=\"elementor-widget-container\">\n\t\t\t\t\t\t\t\t\t<p>\u00a0Polarkonsult tilbyr skipinspeksjoner, kransertifiseringer og utstyrskontroller for \u00e5 sikre samsvar med maritime sikkerhetsstandarder. Som et godkjent selskap spesialiserer vi oss p\u00e5 sertifisering av fart\u00f8y under 15 meter, samtidig som vi tilbyr kontroll av kraner og l\u00f8fteutstyr for fart\u00f8y av alle st\u00f8rrelser. V\u00e5re tjenester inkluderer ogs\u00e5 stabilitetsdokumentasjon og utstyrsinspeksjoner, som sikrer p\u00e5litelig drift og forskriftssamsvar for kunder i den maritime sektoren.\u00a0<\/p>\t\t\t\t\t\t\t\t<\/div>\n\t\t\t\t<\/div>\n\t\t\t\t<div class=\"elementor-element elementor-element-3c35037 elementor-align-left elementor-widget__width-inherit elementor-widget elementor-widget-button\" data-id=\"3c35037\" data-element_type=\"widget\" data-e-type=\"widget\" data-widget_type=\"button.default\">\n\t\t\t\t<div class=\"elementor-widget-container\">\n\t\t\t\t\t\t\t\t\t<div class=\"elementor-button-wrapper\">\n\t\t\t\t\t<a class=\"elementor-button elementor-button-link elementor-size-lg\" href=\"https:\/\/www.polarkonsult.com\/wp-content\/uploads\/2026\/01\/Rapport-2025-1.pdf\">\n\t\t\t\t\t\t<span class=\"elementor-button-content-wrapper\">\n\t\t\t\t\t\t\t\t\t<span class=\"elementor-button-text\">Les Milj\u00f8fyrt\u00e5rn-rapporten her<\/span>\n\t\t\t\t\t<\/span>\n\t\t\t\t\t<\/a>\n\t\t\t\t<\/div>\n\t\t\t\t\t\t\t\t<\/div>\n\t\t\t\t<\/div>\n\t\t\t\t\t<\/div>\n\t\t\t\t<\/div>\n\t\t<div class=\"has_eae_slider elementor-element elementor-element-1cdfa61 e-flex e-con-boxed e-con e-parent\" data-eae-slider=\"74853\" data-id=\"1cdfa61\" data-element_type=\"container\" data-e-type=\"container\">\n\t\t\t\t\t<div class=\"e-con-inner\">\n\t\t<div class=\"has_eae_slider elementor-element elementor-element-973bd7a e-grid e-con-full e-con e-child\" data-eae-slider=\"78887\" data-id=\"973bd7a\" data-element_type=\"container\" data-e-type=\"container\" data-settings=\"{&quot;background_background&quot;:&quot;classic&quot;}\">\n\t\t<div class=\"has_eae_slider elementor-element elementor-element-4d31720 e-con-full e-flex e-con e-child\" data-eae-slider=\"83874\" data-id=\"4d31720\" data-element_type=\"container\" data-e-type=\"container\">\n\t\t\t\t<div class=\"elementor-element elementor-element-faacb23 elementor-widget__width-initial elementor-widget elementor-widget-heading\" data-id=\"faacb23\" data-element_type=\"widget\" data-e-type=\"widget\" data-widget_type=\"heading.default\">\n\t\t\t\t<div class=\"elementor-widget-container\">\n\t\t\t\t\t<h2 class=\"elementor-heading-title elementor-size-default\">Hvordan melder man en bekymring?<\/h2>\t\t\t\t<\/div>\n\t\t\t\t<\/div>\n\t\t\t\t<div class=\"elementor-element elementor-element-ef5c8c0 elementor-widget__width-initial elementor-widget elementor-widget-text-editor\" data-id=\"ef5c8c0\" data-element_type=\"widget\" data-e-type=\"widget\" data-widget_type=\"text-editor.default\">\n\t\t\t\t<div class=\"elementor-widget-container\">\n\t\t\t\t\t\t\t\t\t<div class=\"elementor-element elementor-element-e12041f elementor-widget__width-initial elementor-widget elementor-widget-heading\" data-id=\"e12041f\" data-element_type=\"widget\" data-widget_type=\"heading.default\"><div class=\"elementor-widget-container\"><h2 class=\"elementor-heading-title elementor-size-default\"><span style=\"font-size: 16px;\">Hvis du velger \u00e5 v\u00e6re anonym, trenger du ikke \u00e5 oppgi navn eller e-postadresse.<\/span><\/h2><\/div><\/div><div class=\"elementor-element elementor-element-87f81c6 elementor-widget__width-initial elementor-widget elementor-widget-text-editor\" data-id=\"87f81c6\" data-element_type=\"widget\" data-widget_type=\"text-editor.default\"><div class=\"elementor-widget-container\"><p data-start=\"338\" data-end=\"403\">Beskriv bekymringen din s\u00e5 tydelig som mulig, inkludert<\/p><ul data-start=\"404\" data-end=\"615\"><li data-start=\"404\" data-end=\"478\"><p data-start=\"406\" data-end=\"478\">Hva saken dreier seg om (f.eks. kvalitet, sikkerhet, etikk, personvern, annet)<\/p><\/li><li data-start=\"479\" data-end=\"516\"><p data-start=\"481\" data-end=\"516\">N\u00e5r og hvor problemet oppstod<\/p><\/li><li data-start=\"517\" data-end=\"560\"><p data-start=\"519\" data-end=\"560\">Alle relevante detaljer, fakta eller eksempler<\/p><\/li><li data-start=\"561\" data-end=\"615\"><p data-start=\"563\" data-end=\"615\">Hvis tilgjengelig, legg ved st\u00f8ttedokumenter eller filer<\/p><\/li><\/ul><p data-start=\"617\" data-end=\"711\">Jo mer informasjon du oppgir, desto lettere er det for oss \u00e5 gjennomg\u00e5 og l\u00f8se problemet.<\/p><p><strong>Bruk skjemaet som er lagt til, eller kontakt administrasjonen v\u00e5r direkte via e-post:<\/strong><\/p><p>Telefon: +47 770 58 400 +47 770 58 400<br \/><strong>Mail:<\/strong>\u00a0<a href=\"mailto:firmapost@polarkonsult.com\">firmapost@polarkonsult.com<\/a><br \/><strong>Adresse:<\/strong> Margrethe J\u00f8rgens Vei 13, N-9406 Harstad<\/p><\/div><\/div>\t\t\t\t\t\t\t\t<\/div>\n\t\t\t\t<\/div>\n\t\t\t\t<\/div>\n\t\t<div class=\"has_eae_slider elementor-element elementor-element-2f570af e-con-full e-flex e-con e-child\" data-eae-slider=\"96652\" data-id=\"2f570af\" data-element_type=\"container\" data-e-type=\"container\">\n\t\t\t\t<div class=\"elementor-element elementor-element-a9db7c6 elementor-widget__width-initial elementor-widget elementor-widget-shortcode\" data-id=\"a9db7c6\" data-element_type=\"widget\" data-e-type=\"widget\" data-widget_type=\"shortcode.default\">\n\t\t\t\t<div class=\"elementor-widget-container\">\n\t\t\t\t\t\t\t<div class=\"elementor-shortcode\"><div class=\"forminator-ui forminator-custom-form forminator-custom-form-11082 forminator-design--material  forminator_ajax\" data-forminator-render=\"0\" data-form=\"forminator-module-11082\" data-uid=\"69f39f71ceb34\"><br\/><\/div><form\n\t\t\t\tid=\"forminator-module-11082\"\n\t\t\t\tclass=\"forminator-ui forminator-custom-form forminator-custom-form-11082 forminator-design--material  forminator_ajax\"\n\t\t\t\tmethod=\"post\"\n\t\t\t\tdata-forminator-render=\"0\"\n\t\t\t\tdata-form-id=\"11082\"\n\t\t\t\t\n\t\t\t\tdata-design=\"material\"\n\t\t\t\tdata-color-option=\"default\"\n\t\t\t\t\n\t\t\t\t\n\t\t\t\t\n\t\t\t\tdata-grid=\"open\"\n\t\t\t\t\n\t\t\t\t\n\t\t\t\tstyle=\"display: none;\"\n\t\t\t\t\n\t\t\t\tdata-uid=\"69f39f71ceb34\" action=\"\"\n\t\t\t><div role=\"alert\" aria-live=\"polite\" class=\"forminator-response-message forminator-error\" aria-hidden=\"true\"><\/div><div class=\"forminator-row\"><div id=\"name-1\" class=\"forminator-field-name forminator-col forminator-col-12\"><div class=\"forminator-field\"><label for=\"forminator-field-name-1_69f39f71ceb34\" id=\"forminator-field-name-1_69f39f71ceb34-label\" class=\"forminator-label\">Navn<\/label><input type=\"text\" name=\"name-1\" value=\"\" placeholder=\"Navn\" id=\"forminator-field-name-1_69f39f71ceb34\" class=\"forminator-input forminator-name--field\" aria-required=\"false\" \/><\/div><\/div><\/div><div class=\"forminator-row\"><div id=\"email-1\" class=\"forminator-field-email forminator-col forminator-col-12\"><div class=\"forminator-field\"><label for=\"forminator-field-email-1_69f39f71ceb34\" id=\"forminator-field-email-1_69f39f71ceb34-label\" class=\"forminator-label\">E-postadresse<\/label><input type=\"email\" name=\"email-1\" value=\"\" placeholder=\"E-postadresse\" id=\"forminator-field-email-1_69f39f71ceb34\" class=\"forminator-input forminator-email--field\" data-required=\"\" aria-required=\"false\" \/><\/div><\/div><\/div><div class=\"forminator-row\"><div id=\"phone-1\" class=\"forminator-field-phone forminator-col forminator-col-12\"><div class=\"forminator-field\"><label for=\"forminator-field-phone-1_69f39f71ceb34\" id=\"forminator-field-phone-1_69f39f71ceb34-label\" class=\"forminator-label\">Telefon<\/label><input type=\"text\" name=\"phone-1\" value=\"\" placeholder=\"Telefon\" id=\"forminator-field-phone-1_69f39f71ceb34\" class=\"forminator-input forminator-field--phone\" data-required=\"\" aria-required=\"false\" autocomplete=\"off\" \/><\/div><\/div><\/div><div class=\"forminator-row\"><div id=\"textarea-1\" class=\"forminator-field-textarea forminator-col forminator-col-12\"><div class=\"forminator-field\"><label for=\"forminator-field-textarea-1_69f39f71ceb34\" id=\"forminator-field-textarea-1_69f39f71ceb34-label\" class=\"forminator-label\">Melding <span class=\"forminator-required\">*<\/span><\/label><textarea name=\"textarea-1\" placeholder=\"Melding \/ \u00c5 ta opp bekymringer\" id=\"forminator-field-textarea-1_69f39f71ceb34\" class=\"forminator-textarea\" rows=\"6\" style=\"min-height:140px;\" ><\/textarea><\/div><\/div><\/div><div class=\"forminator-row\"><div id=\"captcha-1\" class=\"forminator-field-captcha forminator-col forminator-col-12\"><div class=\"forminator-captcha-left forminator-g-recaptcha\" data-theme=\"light\"  data-sitekey=\"6Lfug80qAAAAAKvZtJpG4Q7vPGse5k01jKKXEjI4\" data-size=\"normal\"><\/div> <\/div><\/div><input type=\"hidden\" name=\"referer_url\" value=\"\" \/><div class=\"forminator-row forminator-row-last\"><div class=\"forminator-col\"><div class=\"forminator-field\"><button class=\"forminator-button forminator-button-submit\"><span>Send melding<\/span><span aria-hidden=\"true\"><\/span><\/button><\/div><\/div><\/div><input type=\"hidden\" id=\"forminator_nonce\" name=\"forminator_nonce\" value=\"36f7d6a7e4\" \/><input type=\"hidden\" name=\"_wp_http_referer\" value=\"\/nb\/wp-json\/wp\/v2\/pages\/11047\" \/><input type=\"hidden\" name=\"form_id\" value=\"11082\"><input type=\"hidden\" name=\"page_id\" value=\"11047\"><input type=\"hidden\" name=\"form_type\" value=\"default\"><input type=\"hidden\" name=\"current_url\" value=\"https:\/\/www.polarkonsult.com\/nb\/raising-concerns\/\"><input type=\"hidden\" name=\"render_id\" value=\"0\"><input type=\"hidden\" name=\"action\" value=\"forminator_submit_form_custom-forms\"><label for=\"input_5\" class=\"forminator-hidden\" aria-hidden=\"true\">Please do not fill in this field. <input id=\"input_5\" type=\"text\" name=\"input_5\" value=\"\" autocomplete=\"off\"><\/label><input type=\"hidden\" name=\"trp-form-language\" value=\"nb\"\/><\/form><\/div>\n\t\t\t\t\t\t<\/div>\n\t\t\t\t<\/div>\n\t\t\t\t<\/div>\n\t\t\t\t<\/div>\n\t\t\t\t\t<\/div>\n\t\t\t\t<\/div>\n\t\t\t\t<\/div>","protected":false},"excerpt":{"rendered":"<p>RAICING CONCERNS Raising Concerns &amp; Complaints \u00a0Polarkonsult provides vessel inspections, crane certifications, and equipment checks to ensure compliance with maritime safety standards. As an approved company, we specialize in certifying vessels under 15 meters while offering crane and lifting equipment control for vessels of all sizes. Our services also include stability documentation and equipment inspections, [&hellip;]<\/p>\n","protected":false},"author":2,"featured_media":0,"parent":0,"menu_order":0,"comment_status":"closed","ping_status":"closed","template":"","meta":{"_acf_changed":false,"om_disable_all_campaigns":false,"_monsterinsights_skip_tracking":false,"_monsterinsights_sitenote_active":false,"_monsterinsights_sitenote_note":"","_monsterinsights_sitenote_category":0,"footnotes":""},"class_list":["post-11047","page","type-page","status-publish","hentry"],"acf":[],"aioseo_notices":[],"_links":{"self":[{"href":"https:\/\/www.polarkonsult.com\/nb\/wp-json\/wp\/v2\/pages\/11047","targetHints":{"allow":["GET"]}}],"collection":[{"href":"https:\/\/www.polarkonsult.com\/nb\/wp-json\/wp\/v2\/pages"}],"about":[{"href":"https:\/\/www.polarkonsult.com\/nb\/wp-json\/wp\/v2\/types\/page"}],"author":[{"embeddable":true,"href":"https:\/\/www.polarkonsult.com\/nb\/wp-json\/wp\/v2\/users\/2"}],"replies":[{"embeddable":true,"href":"https:\/\/www.polarkonsult.com\/nb\/wp-json\/wp\/v2\/comments?post=11047"}],"version-history":[{"count":74,"href":"https:\/\/www.polarkonsult.com\/nb\/wp-json\/wp\/v2\/pages\/11047\/revisions"}],"predecessor-version":[{"id":12219,"href":"https:\/\/www.polarkonsult.com\/nb\/wp-json\/wp\/v2\/pages\/11047\/revisions\/12219"}],"wp:attachment":[{"href":"https:\/\/www.polarkonsult.com\/nb\/wp-json\/wp\/v2\/media?parent=11047"}],"curies":[{"name":"wp","href":"https:\/\/api.w.org\/{rel}","templated":true}]}}